{"id":5172,"date":"2024-09-03T08:56:02","date_gmt":"2024-09-03T08:56:02","guid":{"rendered":"https:\/\/be-nature.be\/sporenpark\/"},"modified":"2025-02-07T09:07:26","modified_gmt":"2025-02-07T09:07:26","slug":"sporenpark","status":"publish","type":"page","link":"https:\/\/be-nature.be\/fr\/sporenpark\/","title":{"rendered":"Sporenpark"},"content":{"rendered":"\t\t<div data-elementor-type=\"wp-page\" data-elementor-id=\"5172\" class=\"elementor elementor-5172 elementor-4505\" data-elementor-post-type=\"page\">\n\t\t\t\t\t\t<section data-particle_enable=\"false\" data-particle-mobile-disabled=\"false\" class=\"elementor-section elementor-top-section elementor-element elementor-element-09f7e35 elementor-section-boxed elementor-section-height-default elementor-section-height-default\" data-id=\"09f7e35\" data-element_type=\"section\" data-e-type=\"section\">\n\t\t\t\t\t\t<div class=\"elementor-container elementor-column-gap-default\">\n\t\t\t\t\t<div class=\"elementor-column elementor-col-100 elementor-top-column elementor-element elementor-element-a0b7e6a\" data-id=\"a0b7e6a\" data-element_type=\"column\" data-e-type=\"column\">\n\t\t\t<div class=\"elementor-widget-wrap elementor-element-populated\">\n\t\t\t\t\t\t<div class=\"elementor-element elementor-element-51237f6 elementor-widget elementor-widget-heading\" data-id=\"51237f6\" data-element_type=\"widget\" data-e-type=\"widget\" data-widget_type=\"heading.default\">\n\t\t\t\t<div class=\"elementor-widget-container\">\n\t\t\t\t\t<h2 class=\"elementor-heading-title elementor-size-default\"><span class=\"elementor-heading-title elementor-size-default elementor-inline-editing pen\" data-elementor-setting-key=\"title\" data-pen-placeholder=\"Hier typen...\" style=\"border: 0px;font-size: 2.133333rem;vertical-align: baseline;clear: both;line-height: 1.3em;font-family: news-gothic-std, sans-serif\">Le Sporenpark<\/span><\/h2>\t\t\t\t<\/div>\n\t\t\t\t<\/div>\n\t\t\t\t\t<\/div>\n\t\t<\/div>\n\t\t\t\t\t<\/div>\n\t\t<\/section>\n\t\t\t\t<section data-particle_enable=\"false\" data-particle-mobile-disabled=\"false\" class=\"elementor-section elementor-top-section elementor-element elementor-element-a6351b6 elementor-section-boxed elementor-section-height-default elementor-section-height-default\" data-id=\"a6351b6\" data-element_type=\"section\" data-e-type=\"section\">\n\t\t\t\t\t\t<div class=\"elementor-container elementor-column-gap-default\">\n\t\t\t\t\t<div class=\"elementor-column elementor-col-33 elementor-top-column elementor-element elementor-element-1cc05ab\" data-id=\"1cc05ab\" data-element_type=\"column\" data-e-type=\"column\">\n\t\t\t<div class=\"elementor-widget-wrap elementor-element-populated\">\n\t\t\t\t\t\t<div class=\"elementor-element elementor-element-5e1a416 elementor-widget elementor-widget-text-editor\" data-id=\"5e1a416\" data-element_type=\"widget\" data-e-type=\"widget\" data-widget_type=\"text-editor.default\">\n\t\t\t\t<div class=\"elementor-widget-container\">\n\t\t\t\t\t\t\t\t\t<p style=\"caret-color: #000000; color: #000000; font-style: normal; margin-top: 0pt; margin-bottom: 0pt; margin-left: 0in; direction: ltr; unicode-bidi: embed; word-break: normal;\"><span style=\"font-size: 14pt;\"> Le Sporenpark est un lieu unique o\u00f9 l&rsquo;histoire du chemin de fer est encore visible, mais o\u00f9 la nature joue d\u00e9sormais le r\u00f4le principale. Des fleurs sauvages, des buissons et des arbres poussent le long des anciennes voies, faisant du parc un havre de paix pour diverses esp\u00e8ces des oiseaux, d&rsquo;insectes et d&rsquo;autres animaux. <\/span><\/p><p style=\"caret-color: #000000; color: #000000; font-style: normal; margin-top: 0pt; margin-bottom: 0pt; margin-left: 0in; direction: ltr; unicode-bidi: embed; word-break: normal;\"><span style=\"font-size: 14pt;\">\u00a0<\/span><\/p><p style=\"caret-color: #000000; color: #000000; font-style: normal; margin-top: 0pt; margin-bottom: 0pt; margin-left: 0in; direction: ltr; unicode-bidi: embed; word-break: normal;\"><span style=\"font-size: 18.666666px;\">Vous pouvez explorer le Sporenpark en empruntant les diff\u00e9rents sentiers de randonn\u00e9e et les pistes cyclables qui sillonnent la r\u00e9gion. Les chemins suivent les anciennes lignes de chemin de fer et offrent un paysage vari\u00e9 de champs, de bois et de marais. Des aires de repos ont \u00e9t\u00e9 am\u00e9nag\u00e9es \u00e0 diff\u00e9rents endroits du parc, o\u00f9 vous pourrez profiter de la vue et du silence de la nature. <\/span><span style=\"font-size: 14pt;\"><br \/><\/span><\/p>\t\t\t\t\t\t\t\t<\/div>\n\t\t\t\t<\/div>\n\t\t\t\t\t<\/div>\n\t\t<\/div>\n\t\t\t\t<div class=\"elementor-column elementor-col-33 elementor-top-column elementor-element elementor-element-16fc343\" data-id=\"16fc343\" data-element_type=\"column\" data-e-type=\"column\">\n\t\t\t<div class=\"elementor-widget-wrap elementor-element-populated\">\n\t\t\t\t\t\t<div class=\"elementor-element elementor-element-8e23eb4 elementor-widget-tablet__width-initial elementor-widget elementor-widget-image\" data-id=\"8e23eb4\" data-element_type=\"widget\" data-e-type=\"widget\" data-widget_type=\"image.default\">\n\t\t\t\t<div class=\"elementor-widget-container\">\n\t\t\t\t\t\t\t\t\t\t\t\t\t\t\t<img fetchpriority=\"high\" decoding=\"async\" width=\"940\" height=\"788\" src=\"https:\/\/be-nature.be\/wp-content\/uploads\/2024\/08\/2.png\" class=\"attachment-large size-large wp-image-4154\" alt=\"\" srcset=\"https:\/\/be-nature.be\/wp-content\/uploads\/2024\/08\/2.png 940w, https:\/\/be-nature.be\/wp-content\/uploads\/2024\/08\/2-300x251.png 300w, https:\/\/be-nature.be\/wp-content\/uploads\/2024\/08\/2-768x644.png 768w\" sizes=\"(max-width: 940px) 100vw, 940px\" \/>\t\t\t\t\t\t\t\t\t\t\t\t\t\t\t<\/div>\n\t\t\t\t<\/div>\n\t\t\t\t<div class=\"elementor-element elementor-element-ca303ce elementor-widget elementor-widget-image\" data-id=\"ca303ce\" data-element_type=\"widget\" data-e-type=\"widget\" data-widget_type=\"image.default\">\n\t\t\t\t<div class=\"elementor-widget-container\">\n\t\t\t\t\t\t\t\t\t\t\t\t\t\t\t<img decoding=\"async\" width=\"940\" height=\"788\" src=\"https:\/\/be-nature.be\/wp-content\/uploads\/2024\/08\/5.png\" class=\"attachment-large size-large wp-image-4145\" alt=\"\" srcset=\"https:\/\/be-nature.be\/wp-content\/uploads\/2024\/08\/5.png 940w, https:\/\/be-nature.be\/wp-content\/uploads\/2024\/08\/5-300x251.png 300w, https:\/\/be-nature.be\/wp-content\/uploads\/2024\/08\/5-768x644.png 768w\" sizes=\"(max-width: 940px) 100vw, 940px\" \/>\t\t\t\t\t\t\t\t\t\t\t\t\t\t\t<\/div>\n\t\t\t\t<\/div>\n\t\t\t\t\t<\/div>\n\t\t<\/div>\n\t\t\t\t<div class=\"elementor-column elementor-col-33 elementor-top-column elementor-element elementor-element-31c9f91\" data-id=\"31c9f91\" data-element_type=\"column\" data-e-type=\"column\">\n\t\t\t<div class=\"elementor-widget-wrap elementor-element-populated\">\n\t\t\t\t\t\t<div class=\"elementor-element elementor-element-07796e5 elementor-widget__width-initial elementor-widget elementor-widget-image\" data-id=\"07796e5\" data-element_type=\"widget\" data-e-type=\"widget\" data-widget_type=\"image.default\">\n\t\t\t\t<div class=\"elementor-widget-container\">\n\t\t\t\t\t\t\t\t\t\t\t\t\t\t\t<img decoding=\"async\" width=\"664\" height=\"1024\" src=\"https:\/\/be-nature.be\/wp-content\/uploads\/2022\/12\/Spoorpark-664x1024.png\" class=\"attachment-large size-large wp-image-3204\" alt=\"\" srcset=\"https:\/\/be-nature.be\/wp-content\/uploads\/2022\/12\/Spoorpark-664x1024.png 664w, https:\/\/be-nature.be\/wp-content\/uploads\/2022\/12\/Spoorpark-194x300.png 194w, https:\/\/be-nature.be\/wp-content\/uploads\/2022\/12\/Spoorpark.png 700w\" sizes=\"(max-width: 664px) 100vw, 664px\" \/>\t\t\t\t\t\t\t\t\t\t\t\t\t\t\t<\/div>\n\t\t\t\t<\/div>\n\t\t\t\t\t<\/div>\n\t\t<\/div>\n\t\t\t\t\t<\/div>\n\t\t<\/section>\n\t\t\t\t<section data-particle_enable=\"false\" data-particle-mobile-disabled=\"false\" class=\"elementor-section elementor-top-section elementor-element elementor-element-31ca207 elementor-section-boxed elementor-section-height-default elementor-section-height-default\" data-id=\"31ca207\" data-element_type=\"section\" data-e-type=\"section\">\n\t\t\t\t\t\t<div class=\"elementor-container elementor-column-gap-default\">\n\t\t\t\t\t<div class=\"elementor-column elementor-col-50 elementor-top-column elementor-element elementor-element-d9d8af3\" data-id=\"d9d8af3\" data-element_type=\"column\" data-e-type=\"column\">\n\t\t\t<div class=\"elementor-widget-wrap elementor-element-populated\">\n\t\t\t\t\t\t<div class=\"elementor-element elementor-element-4e2d6e6 elementor-widget-mobile__width-initial elementor-widget elementor-widget-image\" data-id=\"4e2d6e6\" data-element_type=\"widget\" data-e-type=\"widget\" data-widget_type=\"image.default\">\n\t\t\t\t<div class=\"elementor-widget-container\">\n\t\t\t\t\t\t\t\t\t\t\t\t\t\t\t<img loading=\"lazy\" decoding=\"async\" width=\"960\" height=\"640\" src=\"https:\/\/be-nature.be\/wp-content\/uploads\/2022\/12\/https-static.nieuwsblad.be-Assets-Images_Upload-2022-05-04-282fd916-2e53-4210-a6ab-6e0b55f6161e.jpg\" class=\"attachment-large size-large wp-image-3234\" alt=\"Bezoekers staan centraal\" srcset=\"https:\/\/be-nature.be\/wp-content\/uploads\/2022\/12\/https-static.nieuwsblad.be-Assets-Images_Upload-2022-05-04-282fd916-2e53-4210-a6ab-6e0b55f6161e.jpg 960w, https:\/\/be-nature.be\/wp-content\/uploads\/2022\/12\/https-static.nieuwsblad.be-Assets-Images_Upload-2022-05-04-282fd916-2e53-4210-a6ab-6e0b55f6161e-300x200.jpg 300w, https:\/\/be-nature.be\/wp-content\/uploads\/2022\/12\/https-static.nieuwsblad.be-Assets-Images_Upload-2022-05-04-282fd916-2e53-4210-a6ab-6e0b55f6161e-768x512.jpg 768w\" sizes=\"(max-width: 960px) 100vw, 960px\" \/>\t\t\t\t\t\t\t\t\t\t\t\t\t\t\t<\/div>\n\t\t\t\t<\/div>\n\t\t\t\t\t<\/div>\n\t\t<\/div>\n\t\t\t\t<div class=\"elementor-column elementor-col-50 elementor-top-column elementor-element elementor-element-4006d42\" data-id=\"4006d42\" data-element_type=\"column\" data-e-type=\"column\">\n\t\t\t<div class=\"elementor-widget-wrap elementor-element-populated\">\n\t\t\t\t\t\t<div class=\"elementor-element elementor-element-967a9b6 elementor-widget elementor-widget-text-editor\" data-id=\"967a9b6\" data-element_type=\"widget\" data-e-type=\"widget\" data-widget_type=\"text-editor.default\">\n\t\t\t\t<div class=\"elementor-widget-container\">\n\t\t\t\t\t\t\t\t\t<p style=\"caret-color: #000000; color: #000000; font-style: normal; margin-top: 0pt; margin-bottom: 0pt; margin-left: 0in; direction: ltr; unicode-bidi: embed; word-break: normal;\"><span style=\"font-size: 14pt; font-family: var( --e-global-typography-text-font-family ), Sans-serif;\">Outre la nature, le Sporenpark a \u00e9galement une fonction \u00e9ducative. Des panneaux d&rsquo;information ont \u00e9t\u00e9 plac\u00e9s le long des sentiers, racontant l&rsquo;histoire de la piste, sa transformation en r\u00e9serve naturelle, ainsi que la flore et la faune qui s&rsquo;y trouvent aujourd&rsquo;hui. Le parc n&rsquo;est donc pas seulement un lieu de d\u00e9tente, mais aussi un lieu d&rsquo;apprentissage et de d\u00e9couverte.  <\/span><\/p>\n\t\t\t\t\t\t\t\t<\/div>\n\t\t\t\t<\/div>\n\t\t\t\t\t<\/div>\n\t\t<\/div>\n\t\t\t\t\t<\/div>\n\t\t<\/section>\n\t\t\t\t<section data-particle_enable=\"false\" data-particle-mobile-disabled=\"false\" class=\"elementor-section elementor-top-section elementor-element elementor-element-1782555 elementor-section-boxed elementor-section-height-default elementor-section-height-default\" data-id=\"1782555\" data-element_type=\"section\" data-e-type=\"section\">\n\t\t\t\t\t\t<div class=\"elementor-container elementor-column-gap-default\">\n\t\t\t\t\t<div class=\"elementor-column elementor-col-100 elementor-top-column elementor-element elementor-element-32ff329\" data-id=\"32ff329\" data-element_type=\"column\" data-e-type=\"column\">\n\t\t\t<div class=\"elementor-widget-wrap elementor-element-populated\">\n\t\t\t\t\t\t<div class=\"elementor-element elementor-element-f17fe08 elementor-widget elementor-widget-spacer\" data-id=\"f17fe08\" data-element_type=\"widget\" data-e-type=\"widget\" data-widget_type=\"spacer.default\">\n\t\t\t\t<div class=\"elementor-widget-container\">\n\t\t\t\t\t\t\t<div class=\"elementor-spacer\">\n\t\t\t<div class=\"elementor-spacer-inner\"><\/div>\n\t\t<\/div>\n\t\t\t\t\t\t<\/div>\n\t\t\t\t<\/div>\n\t\t\t\t\t<\/div>\n\t\t<\/div>\n\t\t\t\t\t<\/div>\n\t\t<\/section>\n\t\t\t\t<\/div>\n\t\t","protected":false},"excerpt":{"rendered":"<p>Le Sporenpark Le Sporenpark est un lieu unique o\u00f9 l&rsquo;histoire du chemin de fer est encore visible, mais o\u00f9 la nature joue d\u00e9sormais le r\u00f4le principale. Des fleurs sauvages, des buissons et des arbres poussent le long des anciennes voies, faisant du parc un havre de paix pour diverses esp\u00e8ces des oiseaux, d&rsquo;insectes et d&rsquo;autres [&hellip;]<\/p>\n","protected":false},"author":9,"featured_media":0,"parent":0,"menu_order":0,"comment_status":"closed","ping_status":"closed","template":"","meta":{"site-sidebar-layout":"no-sidebar","site-content-layout":"page-builder","ast-site-content-layout":"full-width-container","site-content-style":"default","site-sidebar-style":"default","ast-global-header-display":"","ast-banner-title-visibility":"","ast-main-header-display":"","ast-hfb-above-header-display":"","ast-hfb-below-header-display":"","ast-hfb-mobile-header-display":"","site-post-title":"disabled","ast-breadcrumbs-content":"","ast-featured-img":"disabled","footer-sml-layout":"","ast-disable-related-posts":"","theme-transparent-header-meta":"","adv-header-id-meta":"","stick-header-meta":"","header-above-stick-meta":"","header-main-stick-meta":"","header-below-stick-meta":"","astra-migrate-meta-layouts":"default","ast-page-background-enabled":"default","ast-page-background-meta":{"desktop":{"background-color":"var(--ast-global-color-4)","background-image":"","background-repeat":"repeat","background-position":"center center","background-size":"auto","background-attachment":"scroll","background-type":"","background-media":"","overlay-type":"","overlay-color":"","overlay-opacity":"","overlay-gradient":""},"tablet":{"background-color":"","background-image":"","background-repeat":"repeat","background-position":"center center","background-size":"auto","background-attachment":"scroll","background-type":"","background-media":"","overlay-type":"","overlay-color":"","overlay-opacity":"","overlay-gradient":""},"mobile":{"background-color":"","background-image":"","background-repeat":"repeat","background-position":"center center","background-size":"auto","background-attachment":"scroll","background-type":"","background-media":"","overlay-type":"","overlay-color":"","overlay-opacity":"","overlay-gradient":""}},"ast-content-background-meta":{"desktop":{"background-color":"var(--ast-global-color-5)","background-image":"","background-repeat":"repeat","background-position":"center center","background-size":"auto","background-attachment":"scroll","background-type":"","background-media":"","overlay-type":"","overlay-color":"","overlay-opacity":"","overlay-gradient":""},"tablet":{"background-color":"var(--ast-global-color-5)","background-image":"","background-repeat":"repeat","background-position":"center center","background-size":"auto","background-attachment":"scroll","background-type":"","background-media":"","overlay-type":"","overlay-color":"","overlay-opacity":"","overlay-gradient":""},"mobile":{"background-color":"var(--ast-global-color-5)","background-image":"","background-repeat":"repeat","background-position":"center center","background-size":"auto","background-attachment":"scroll","background-type":"","background-media":"","overlay-type":"","overlay-color":"","overlay-opacity":"","overlay-gradient":""}},"footnotes":""},"class_list":["post-5172","page","type-page","status-publish","hentry"],"_links":{"self":[{"href":"https:\/\/be-nature.be\/fr\/wp-json\/wp\/v2\/pages\/5172","targetHints":{"allow":["GET"]}}],"collection":[{"href":"https:\/\/be-nature.be\/fr\/wp-json\/wp\/v2\/pages"}],"about":[{"href":"https:\/\/be-nature.be\/fr\/wp-json\/wp\/v2\/types\/page"}],"author":[{"embeddable":true,"href":"https:\/\/be-nature.be\/fr\/wp-json\/wp\/v2\/users\/9"}],"replies":[{"embeddable":true,"href":"https:\/\/be-nature.be\/fr\/wp-json\/wp\/v2\/comments?post=5172"}],"version-history":[{"count":0,"href":"https:\/\/be-nature.be\/fr\/wp-json\/wp\/v2\/pages\/5172\/revisions"}],"wp:attachment":[{"href":"https:\/\/be-nature.be\/fr\/wp-json\/wp\/v2\/media?parent=5172"}],"curies":[{"name":"wp","href":"https:\/\/api.w.org\/{rel}","templated":true}]}}