{"id":5168,"date":"2024-08-30T15:29:47","date_gmt":"2024-08-30T15:29:47","guid":{"rendered":"https:\/\/be-nature.be\/au-fond-de-la-laverie-de-charbon\/"},"modified":"2025-01-28T11:47:06","modified_gmt":"2025-01-28T11:47:06","slug":"au-fond-de-la-laverie-de-charbon","status":"publish","type":"page","link":"https:\/\/be-nature.be\/fr\/au-fond-de-la-laverie-de-charbon\/","title":{"rendered":"Au fond du lavoir \u00e0 charbon"},"content":{"rendered":"\t\t<div data-elementor-type=\"wp-page\" data-elementor-id=\"5168\" class=\"elementor elementor-5168 elementor-4564\" data-elementor-post-type=\"page\">\n\t\t\t\t\t\t<section data-particle_enable=\"false\" data-particle-mobile-disabled=\"false\" class=\"elementor-section elementor-top-section elementor-element elementor-element-15cf53b elementor-section-boxed elementor-section-height-default elementor-section-height-default\" data-id=\"15cf53b\" data-element_type=\"section\" data-e-type=\"section\">\n\t\t\t\t\t\t<div class=\"elementor-container elementor-column-gap-default\">\n\t\t\t\t\t<div class=\"elementor-column elementor-col-100 elementor-top-column elementor-element elementor-element-15791c8\" data-id=\"15791c8\" data-element_type=\"column\" data-e-type=\"column\">\n\t\t\t<div class=\"elementor-widget-wrap elementor-element-populated\">\n\t\t\t\t\t\t<div class=\"elementor-element elementor-element-39c091b elementor-widget elementor-widget-heading\" data-id=\"39c091b\" data-element_type=\"widget\" data-e-type=\"widget\" data-widget_type=\"heading.default\">\n\t\t\t\t<div class=\"elementor-widget-container\">\n\t\t\t\t\t<h2 class=\"elementor-heading-title elementor-size-default\">Au fond du lavoir \u00e0 charbon<\/h2>\t\t\t\t<\/div>\n\t\t\t\t<\/div>\n\t\t\t\t\t<\/div>\n\t\t<\/div>\n\t\t\t\t\t<\/div>\n\t\t<\/section>\n\t\t\t\t<section data-particle_enable=\"false\" data-particle-mobile-disabled=\"false\" class=\"elementor-section elementor-top-section elementor-element elementor-element-a6f4275 elementor-section-boxed elementor-section-height-default elementor-section-height-default\" data-id=\"a6f4275\" data-element_type=\"section\" data-e-type=\"section\">\n\t\t\t\t\t\t<div class=\"elementor-container elementor-column-gap-default\">\n\t\t\t\t\t<div class=\"elementor-column elementor-col-100 elementor-top-column elementor-element elementor-element-0d12917\" data-id=\"0d12917\" data-element_type=\"column\" data-e-type=\"column\">\n\t\t\t<div class=\"elementor-widget-wrap elementor-element-populated\">\n\t\t\t\t\t\t<section data-particle_enable=\"false\" data-particle-mobile-disabled=\"false\" class=\"elementor-section elementor-inner-section elementor-element elementor-element-46406a8 elementor-section-boxed elementor-section-height-default elementor-section-height-default\" data-id=\"46406a8\" data-element_type=\"section\" data-e-type=\"section\">\n\t\t\t\t\t\t<div class=\"elementor-container elementor-column-gap-default\">\n\t\t\t\t\t<div class=\"elementor-column elementor-col-50 elementor-inner-column elementor-element elementor-element-25ddff3\" data-id=\"25ddff3\" data-element_type=\"column\" data-e-type=\"column\">\n\t\t\t<div class=\"elementor-widget-wrap elementor-element-populated\">\n\t\t\t\t\t\t<div class=\"elementor-element elementor-element-27cb0cf elementor-widget elementor-widget-image\" data-id=\"27cb0cf\" data-element_type=\"widget\" data-e-type=\"widget\" data-widget_type=\"image.default\">\n\t\t\t\t<div class=\"elementor-widget-container\">\n\t\t\t\t\t\t\t\t\t\t\t\t\t\t\t<img fetchpriority=\"high\" decoding=\"async\" width=\"1024\" height=\"576\" src=\"https:\/\/be-nature.be\/wp-content\/uploads\/2024\/09\/Ground_Floor_Shops_Camera_04_2020-11-10-1024x576.jpg\" class=\"attachment-large size-large wp-image-4982\" alt=\"\" srcset=\"https:\/\/be-nature.be\/wp-content\/uploads\/2024\/09\/Ground_Floor_Shops_Camera_04_2020-11-10-1024x576.jpg 1024w, https:\/\/be-nature.be\/wp-content\/uploads\/2024\/09\/Ground_Floor_Shops_Camera_04_2020-11-10-300x169.jpg 300w, https:\/\/be-nature.be\/wp-content\/uploads\/2024\/09\/Ground_Floor_Shops_Camera_04_2020-11-10-768x432.jpg 768w, https:\/\/be-nature.be\/wp-content\/uploads\/2024\/09\/Ground_Floor_Shops_Camera_04_2020-11-10-1536x864.jpg 1536w, https:\/\/be-nature.be\/wp-content\/uploads\/2024\/09\/Ground_Floor_Shops_Camera_04_2020-11-10-2048x1152.jpg 2048w\" sizes=\"(max-width: 1024px) 100vw, 1024px\" \/>\t\t\t\t\t\t\t\t\t\t\t\t\t\t\t<\/div>\n\t\t\t\t<\/div>\n\t\t\t\t\t<\/div>\n\t\t<\/div>\n\t\t\t\t<div class=\"elementor-column elementor-col-50 elementor-inner-column elementor-element elementor-element-89bf132\" data-id=\"89bf132\" data-element_type=\"column\" data-e-type=\"column\">\n\t\t\t<div class=\"elementor-widget-wrap elementor-element-populated\">\n\t\t\t\t\t\t<div class=\"elementor-element elementor-element-f5c21b0 elementor-widget elementor-widget-image\" data-id=\"f5c21b0\" data-element_type=\"widget\" data-e-type=\"widget\" data-widget_type=\"image.default\">\n\t\t\t\t<div class=\"elementor-widget-container\">\n\t\t\t\t\t\t\t\t\t\t\t\t\t\t\t<img decoding=\"async\" width=\"1024\" height=\"576\" src=\"https:\/\/be-nature.be\/wp-content\/uploads\/2024\/09\/Ground_Floor_Shops_Camera_02_2020-11-08-1024x576.jpg\" class=\"attachment-large size-large wp-image-4979\" alt=\"\" srcset=\"https:\/\/be-nature.be\/wp-content\/uploads\/2024\/09\/Ground_Floor_Shops_Camera_02_2020-11-08-1024x576.jpg 1024w, https:\/\/be-nature.be\/wp-content\/uploads\/2024\/09\/Ground_Floor_Shops_Camera_02_2020-11-08-300x169.jpg 300w, https:\/\/be-nature.be\/wp-content\/uploads\/2024\/09\/Ground_Floor_Shops_Camera_02_2020-11-08-768x432.jpg 768w, https:\/\/be-nature.be\/wp-content\/uploads\/2024\/09\/Ground_Floor_Shops_Camera_02_2020-11-08-1536x864.jpg 1536w, https:\/\/be-nature.be\/wp-content\/uploads\/2024\/09\/Ground_Floor_Shops_Camera_02_2020-11-08-2048x1152.jpg 2048w\" sizes=\"(max-width: 1024px) 100vw, 1024px\" \/>\t\t\t\t\t\t\t\t\t\t\t\t\t\t\t<\/div>\n\t\t\t\t<\/div>\n\t\t\t\t\t<\/div>\n\t\t<\/div>\n\t\t\t\t\t<\/div>\n\t\t<\/section>\n\t\t\t\t<div class=\"elementor-element elementor-element-66200e0 elementor-widget elementor-widget-text-editor\" data-id=\"66200e0\" data-element_type=\"widget\" data-e-type=\"widget\" data-widget_type=\"text-editor.default\">\n\t\t\t\t<div class=\"elementor-widget-container\">\n\t\t\t\t\t\t\t\t\t<p style=\"margin-top: 0pt; margin-bottom: 0pt; margin-left: 0in; direction: ltr; unicode-bidi: embed; word-break: normal;\"><span style=\"caret-color: #000000; color: #000000; font-style: normal; font-size: 14pt;\"><br \/>Les lavoirs \u00e0 charbon sont mont\u00e9s sur des colonnes, avec une hauteur libre de +\/- 5 m. Le complexe cr\u00e9e <strong>une zone couverte au niveau du sol <\/strong>sous les lavoirs \u00e0 charbon, d&rsquo;<strong>une superficie de plus de 10 000 m\u00b2.<\/strong> Cet espace offre la possibilit\u00e9 d&rsquo;organiser des <strong>march\u00e9s couverts, des festivals, des food trucks<\/strong> et bien d&rsquo;autres choses. Le pavillon d&rsquo;entr\u00e9e du lavoir 4 se niche dans cet espace ext\u00e9rieur couvert et abrit\u00e9, qui peut \u00e9galement \u00eatre utilis\u00e9 par les futurs propri\u00e9taires.    <\/span><\/p>\n\t\t\t\t\t\t\t\t<\/div>\n\t\t\t\t<\/div>\n\t\t\t\t<div class=\"elementor-element elementor-element-b8b99ec elementor-widget elementor-widget-spacer\" data-id=\"b8b99ec\" data-element_type=\"widget\" data-e-type=\"widget\" data-widget_type=\"spacer.default\">\n\t\t\t\t<div class=\"elementor-widget-container\">\n\t\t\t\t\t\t\t<div class=\"elementor-spacer\">\n\t\t\t<div class=\"elementor-spacer-inner\"><\/div>\n\t\t<\/div>\n\t\t\t\t\t\t<\/div>\n\t\t\t\t<\/div>\n\t\t\t\t\t<\/div>\n\t\t<\/div>\n\t\t\t\t\t<\/div>\n\t\t<\/section>\n\t\t\t\t<\/div>\n\t\t","protected":false},"excerpt":{"rendered":"<p>Au fond du lavoir \u00e0 charbon Les lavoirs \u00e0 charbon sont mont\u00e9s sur des colonnes, avec une hauteur libre de +\/- 5 m. Le complexe cr\u00e9e une zone couverte au niveau du sol sous les lavoirs \u00e0 charbon, d&rsquo;une superficie de plus de 10 000 m\u00b2. Cet espace offre la possibilit\u00e9 d&rsquo;organiser des march\u00e9s couverts, [&hellip;]<\/p>\n","protected":false},"author":9,"featured_media":0,"parent":0,"menu_order":0,"comment_status":"closed","ping_status":"closed","template":"","meta":{"site-sidebar-layout":"no-sidebar","site-content-layout":"page-builder","ast-site-content-layout":"full-width-container","site-content-style":"default","site-sidebar-style":"default","ast-global-header-display":"","ast-banner-title-visibility":"","ast-main-header-display":"","ast-hfb-above-header-display":"","ast-hfb-below-header-display":"","ast-hfb-mobile-header-display":"","site-post-title":"disabled","ast-breadcrumbs-content":"","ast-featured-img":"disabled","footer-sml-layout":"","ast-disable-related-posts":"","theme-transparent-header-meta":"","adv-header-id-meta":"","stick-header-meta":"","header-above-stick-meta":"","header-main-stick-meta":"","header-below-stick-meta":"","astra-migrate-meta-layouts":"default","ast-page-background-enabled":"default","ast-page-background-meta":{"desktop":{"background-color":"var(--ast-global-color-4)","background-image":"","background-repeat":"repeat","background-position":"center center","background-size":"auto","background-attachment":"scroll","background-type":"","background-media":"","overlay-type":"","overlay-color":"","overlay-opacity":"","overlay-gradient":""},"tablet":{"background-color":"","background-image":"","background-repeat":"repeat","background-position":"center center","background-size":"auto","background-attachment":"scroll","background-type":"","background-media":"","overlay-type":"","overlay-color":"","overlay-opacity":"","overlay-gradient":""},"mobile":{"background-color":"","background-image":"","background-repeat":"repeat","background-position":"center center","background-size":"auto","background-attachment":"scroll","background-type":"","background-media":"","overlay-type":"","overlay-color":"","overlay-opacity":"","overlay-gradient":""}},"ast-content-background-meta":{"desktop":{"background-color":"var(--ast-global-color-5)","background-image":"","background-repeat":"repeat","background-position":"center center","background-size":"auto","background-attachment":"scroll","background-type":"","background-media":"","overlay-type":"","overlay-color":"","overlay-opacity":"","overlay-gradient":""},"tablet":{"background-color":"var(--ast-global-color-5)","background-image":"","background-repeat":"repeat","background-position":"center center","background-size":"auto","background-attachment":"scroll","background-type":"","background-media":"","overlay-type":"","overlay-color":"","overlay-opacity":"","overlay-gradient":""},"mobile":{"background-color":"var(--ast-global-color-5)","background-image":"","background-repeat":"repeat","background-position":"center center","background-size":"auto","background-attachment":"scroll","background-type":"","background-media":"","overlay-type":"","overlay-color":"","overlay-opacity":"","overlay-gradient":""}},"footnotes":""},"class_list":["post-5168","page","type-page","status-publish","hentry"],"_links":{"self":[{"href":"https:\/\/be-nature.be\/fr\/wp-json\/wp\/v2\/pages\/5168","targetHints":{"allow":["GET"]}}],"collection":[{"href":"https:\/\/be-nature.be\/fr\/wp-json\/wp\/v2\/pages"}],"about":[{"href":"https:\/\/be-nature.be\/fr\/wp-json\/wp\/v2\/types\/page"}],"author":[{"embeddable":true,"href":"https:\/\/be-nature.be\/fr\/wp-json\/wp\/v2\/users\/9"}],"replies":[{"embeddable":true,"href":"https:\/\/be-nature.be\/fr\/wp-json\/wp\/v2\/comments?post=5168"}],"version-history":[{"count":0,"href":"https:\/\/be-nature.be\/fr\/wp-json\/wp\/v2\/pages\/5168\/revisions"}],"wp:attachment":[{"href":"https:\/\/be-nature.be\/fr\/wp-json\/wp\/v2\/media?parent=5168"}],"curies":[{"name":"wp","href":"https:\/\/api.w.org\/{rel}","templated":true}]}}