{"id":5162,"date":"2024-09-03T10:19:04","date_gmt":"2024-09-03T10:19:04","guid":{"rendered":"https:\/\/be-nature.be\/investir-en-nous\/"},"modified":"2024-10-03T08:54:24","modified_gmt":"2024-10-03T08:54:24","slug":"investir-en-nous","status":"publish","type":"page","link":"https:\/\/be-nature.be\/fr\/investir-en-nous\/","title":{"rendered":"Investissez en nous"},"content":{"rendered":"\t\t<div data-elementor-type=\"wp-page\" data-elementor-id=\"5162\" class=\"elementor elementor-5162 elementor-4612\" data-elementor-post-type=\"page\">\n\t\t\t\t\t\t<section data-particle_enable=\"false\" data-particle-mobile-disabled=\"false\" class=\"elementor-section elementor-top-section elementor-element elementor-element-7459af2 elementor-section-boxed elementor-section-height-default elementor-section-height-default\" data-id=\"7459af2\" data-element_type=\"section\" data-e-type=\"section\">\n\t\t\t\t\t\t<div class=\"elementor-container elementor-column-gap-default\">\n\t\t\t\t\t<div class=\"elementor-column elementor-col-100 elementor-top-column elementor-element elementor-element-3d1c986\" data-id=\"3d1c986\" data-element_type=\"column\" data-e-type=\"column\">\n\t\t\t<div class=\"elementor-widget-wrap elementor-element-populated\">\n\t\t\t\t\t\t<div class=\"elementor-element elementor-element-7353099 elementor-widget elementor-widget-heading\" data-id=\"7353099\" data-element_type=\"widget\" data-e-type=\"widget\" data-widget_type=\"heading.default\">\n\t\t\t\t<div class=\"elementor-widget-container\">\n\t\t\t\t\t<h2 class=\"elementor-heading-title elementor-size-default\">Investissez-vous ?<\/h2>\t\t\t\t<\/div>\n\t\t\t\t<\/div>\n\t\t\t\t\t<\/div>\n\t\t<\/div>\n\t\t\t\t\t<\/div>\n\t\t<\/section>\n\t\t\t\t<section data-particle_enable=\"false\" data-particle-mobile-disabled=\"false\" class=\"elementor-section elementor-top-section elementor-element elementor-element-bee2f87 elementor-section-boxed elementor-section-height-default elementor-section-height-default\" data-id=\"bee2f87\" data-element_type=\"section\" data-e-type=\"section\">\n\t\t\t\t\t\t<div class=\"elementor-container elementor-column-gap-default\">\n\t\t\t\t\t<div class=\"elementor-column elementor-col-100 elementor-top-column elementor-element elementor-element-6b35edb\" data-id=\"6b35edb\" data-element_type=\"column\" data-e-type=\"column\">\n\t\t\t<div class=\"elementor-widget-wrap elementor-element-populated\">\n\t\t\t\t\t\t<div class=\"elementor-element elementor-element-20c3fab elementor-widget elementor-widget-image\" data-id=\"20c3fab\" data-element_type=\"widget\" data-e-type=\"widget\" data-widget_type=\"image.default\">\n\t\t\t\t<div class=\"elementor-widget-container\">\n\t\t\t\t\t\t\t\t\t\t\t\t\t\t\t<img fetchpriority=\"high\" decoding=\"async\" width=\"1024\" height=\"324\" src=\"https:\/\/be-nature.be\/wp-content\/uploads\/2022\/12\/BN1-1024x324.png\" class=\"attachment-large size-large wp-image-3176\" alt=\"\" srcset=\"https:\/\/be-nature.be\/wp-content\/uploads\/2022\/12\/BN1-1024x324.png 1024w, https:\/\/be-nature.be\/wp-content\/uploads\/2022\/12\/BN1-300x95.png 300w, https:\/\/be-nature.be\/wp-content\/uploads\/2022\/12\/BN1-768x243.png 768w, https:\/\/be-nature.be\/wp-content\/uploads\/2022\/12\/BN1-1536x486.png 1536w, https:\/\/be-nature.be\/wp-content\/uploads\/2022\/12\/BN1-2048x648.png 2048w\" sizes=\"(max-width: 1024px) 100vw, 1024px\" \/>\t\t\t\t\t\t\t\t\t\t\t\t\t\t\t<\/div>\n\t\t\t\t<\/div>\n\t\t\t\t\t<\/div>\n\t\t<\/div>\n\t\t\t\t\t<\/div>\n\t\t<\/section>\n\t\t\t\t<section data-particle_enable=\"false\" data-particle-mobile-disabled=\"false\" class=\"elementor-section elementor-top-section elementor-element elementor-element-d3b261b elementor-section-boxed elementor-section-height-default elementor-section-height-default\" data-id=\"d3b261b\" data-element_type=\"section\" data-e-type=\"section\">\n\t\t\t\t\t\t<div class=\"elementor-container elementor-column-gap-default\">\n\t\t\t\t\t<div class=\"elementor-column elementor-col-50 elementor-top-column elementor-element elementor-element-42bbca7\" data-id=\"42bbca7\" data-element_type=\"column\" data-e-type=\"column\">\n\t\t\t<div class=\"elementor-widget-wrap elementor-element-populated\">\n\t\t\t\t\t\t<div class=\"elementor-element elementor-element-5795481 elementor-widget__width-initial elementor-widget elementor-widget-text-editor\" data-id=\"5795481\" data-element_type=\"widget\" data-e-type=\"widget\" data-widget_type=\"text-editor.default\">\n\t\t\t\t<div class=\"elementor-widget-container\">\n\t\t\t\t\t\t\t\t\t<p style=\"caret-color: #000000; color: #000000; font-style: normal; margin-top: 0pt; margin-bottom: 0pt; margin-left: 0in; direction: ltr; unicode-bidi: embed; word-break: normal;\"><span style=\"font-size: 14pt;\">Participez \u00e0 une histoire unique ! D\u00e9couvrez les possibilit\u00e9s de be-Nature, o\u00f9 nous mettons actuellement la derni\u00e8re main \u00e0 une transformation impressionnante. Au c\u0153ur de l&rsquo;ancienne mine de charbon, les lavoirs offrent un espace spacieux o\u00f9 votre projet peut s&rsquo;\u00e9panouir.  <\/span><\/p>\n<p style=\"caret-color: #000000; color: #000000; font-style: normal; margin-top: 0pt; margin-bottom: 0pt; margin-left: 0in; direction: ltr; unicode-bidi: embed; word-break: normal;\">\n<p style=\"caret-color: #000000; color: #000000; font-style: normal; margin-top: 0pt; margin-bottom: 0pt; margin-left: 0in; direction: ltr; unicode-bidi: embed; word-break: normal;\"><span style=\"font-size: 14pt;\">C&rsquo;est pourquoi nous sommes heureux d&rsquo;inviter des investisseurs passionn\u00e9s \u00e0 contribuer \u00e0 l&rsquo;histoire de be-Nature. Ensemble, nous pouvons faire de ce lieu unique un endroit qui capte l&rsquo;imagination ! <\/span><\/p>\n<p style=\"caret-color: #000000; color: #000000; font-style: normal; margin-top: 0pt; margin-bottom: 0pt; margin-left: 0in; direction: ltr; unicode-bidi: embed; word-break: normal;\"><span style=\"font-size: 14pt;\"> <\/span><\/p>\n\t\t\t\t\t\t\t\t<\/div>\n\t\t\t\t<\/div>\n\t\t\t\t<div class=\"elementor-element elementor-element-4794e26 elementor-align-center elementor-widget__width-initial elementor-widget elementor-widget-button\" data-id=\"4794e26\" data-element_type=\"widget\" data-e-type=\"widget\" data-widget_type=\"button.default\">\n\t\t\t\t<div class=\"elementor-widget-container\">\n\t\t\t\t\t\t\t\t\t<div class=\"elementor-button-wrapper\">\n\t\t\t\t\t<a class=\"elementor-button elementor-button-link elementor-size-sm\" href=\"mailto:karolien.sas@bemine.be\">\n\t\t\t\t\t\t<span class=\"elementor-button-content-wrapper\">\n\t\t\t\t\t\t\t\t\t<span class=\"elementor-button-text\">Contactez-nous<\/span>\n\t\t\t\t\t<\/span>\n\t\t\t\t\t<\/a>\n\t\t\t\t<\/div>\n\t\t\t\t\t\t\t\t<\/div>\n\t\t\t\t<\/div>\n\t\t\t\t\t<\/div>\n\t\t<\/div>\n\t\t\t\t<div class=\"elementor-column elementor-col-50 elementor-top-column elementor-element elementor-element-3e68442\" data-id=\"3e68442\" data-element_type=\"column\" data-e-type=\"column\">\n\t\t\t<div class=\"elementor-widget-wrap elementor-element-populated\">\n\t\t\t\t\t\t<div class=\"elementor-element elementor-element-73cdfb4 elementor-widget__width-initial elementor-widget elementor-widget-image\" data-id=\"73cdfb4\" data-element_type=\"widget\" data-e-type=\"widget\" data-widget_type=\"image.default\">\n\t\t\t\t<div class=\"elementor-widget-container\">\n\t\t\t\t\t\t\t\t\t\t\t\t\t\t\t\t<a href=\"https:\/\/be-nature.be\/wp-content\/uploads\/2024\/05\/Investeerdersbrochure-2024.pdf\">\n\t\t\t\t\t\t\t<img decoding=\"async\" width=\"762\" height=\"1076\" src=\"https:\/\/be-nature.be\/wp-content\/uploads\/2024\/09\/Screenshot-2024-09-06-at-10.52.59.png\" class=\"attachment-full size-full wp-image-5009\" alt=\"\" srcset=\"https:\/\/be-nature.be\/wp-content\/uploads\/2024\/09\/Screenshot-2024-09-06-at-10.52.59.png 762w, https:\/\/be-nature.be\/wp-content\/uploads\/2024\/09\/Screenshot-2024-09-06-at-10.52.59-212x300.png 212w, https:\/\/be-nature.be\/wp-content\/uploads\/2024\/09\/Screenshot-2024-09-06-at-10.52.59-725x1024.png 725w\" sizes=\"(max-width: 762px) 100vw, 762px\" \/>\t\t\t\t\t\t\t\t<\/a>\n\t\t\t\t\t\t\t\t\t\t\t\t\t\t\t<\/div>\n\t\t\t\t<\/div>\n\t\t\t\t<div class=\"elementor-element elementor-element-26a6430 elementor-widget elementor-widget-text-editor\" data-id=\"26a6430\" data-element_type=\"widget\" data-e-type=\"widget\" data-widget_type=\"text-editor.default\">\n\t\t\t\t<div class=\"elementor-widget-container\">\n\t\t\t\t\t\t\t\t\t<p>Consultez notre brochure pour les investisseurs en cliquant sur <span style=\"font-style: inherit; font-weight: inherit; font-family: var( --e-global-typography-primary-font-family ), Sans-serif;\">l&rsquo;image<\/span>.<\/p>\n\t\t\t\t\t\t\t\t<\/div>\n\t\t\t\t<\/div>\n\t\t\t\t\t<\/div>\n\t\t<\/div>\n\t\t\t\t\t<\/div>\n\t\t<\/section>\n\t\t\t\t<section data-particle_enable=\"false\" data-particle-mobile-disabled=\"false\" class=\"elementor-section elementor-top-section elementor-element elementor-element-6cedc69 elementor-section-boxed elementor-section-height-default elementor-section-height-default\" data-id=\"6cedc69\" data-element_type=\"section\" data-e-type=\"section\">\n\t\t\t\t\t\t<div class=\"elementor-container elementor-column-gap-default\">\n\t\t\t\t\t<div class=\"elementor-column elementor-col-100 elementor-top-column elementor-element elementor-element-7405fa7\" data-id=\"7405fa7\" data-element_type=\"column\" data-e-type=\"column\">\n\t\t\t<div class=\"elementor-widget-wrap elementor-element-populated\">\n\t\t\t\t\t\t<div class=\"elementor-element elementor-element-7994931 elementor-widget elementor-widget-heading\" data-id=\"7994931\" data-element_type=\"widget\" data-e-type=\"widget\" data-widget_type=\"heading.default\">\n\t\t\t\t<div class=\"elementor-widget-container\">\n\t\t\t\t\t<h2 class=\"elementor-heading-title elementor-size-default\">Partenaires<\/h2>\t\t\t\t<\/div>\n\t\t\t\t<\/div>\n\t\t\t\t<div class=\"elementor-element elementor-element-6d16077 elementor-widget elementor-widget-text-editor\" data-id=\"6d16077\" data-element_type=\"widget\" data-e-type=\"widget\" data-widget_type=\"text-editor.default\">\n\t\t\t\t<div class=\"elementor-widget-container\">\n\t\t\t\t\t\t\t\t\t<p style=\"caret-color: #000000; color: #000000; font-style: normal; margin-top: 0pt; margin-bottom: 0pt; margin-left: 0in; direction: ltr; unicode-bidi: embed; word-break: normal;\"><span style=\"font-size: 10pt;\">Un aper\u00e7u de nos partenaires qui ont contribu\u00e9 \u00e0 rendre be-Nature possible.<\/span><\/p>\n\t\t\t\t\t\t\t\t<\/div>\n\t\t\t\t<\/div>\n\t\t\t\t\t<\/div>\n\t\t<\/div>\n\t\t\t\t\t<\/div>\n\t\t<\/section>\n\t\t\t\t<section data-particle_enable=\"false\" data-particle-mobile-disabled=\"false\" class=\"elementor-section elementor-top-section elementor-element elementor-element-1ce722d elementor-section-boxed elementor-section-height-default elementor-section-height-default\" data-id=\"1ce722d\" data-element_type=\"section\" data-e-type=\"section\">\n\t\t\t\t\t\t<div class=\"elementor-container elementor-column-gap-default\">\n\t\t\t\t\t<div class=\"elementor-column elementor-col-100 elementor-top-column elementor-element elementor-element-9f47d68\" data-id=\"9f47d68\" data-element_type=\"column\" data-e-type=\"column\">\n\t\t\t<div class=\"elementor-widget-wrap elementor-element-populated\">\n\t\t\t\t\t\t<div class=\"elementor-element elementor-element-03ced32 elementor-widget__width-initial elementor-widget elementor-widget-gallery\" data-id=\"03ced32\" data-element_type=\"widget\" data-e-type=\"widget\" data-settings=\"{&quot;columns&quot;:8,&quot;aspect_ratio&quot;:&quot;4:3&quot;,&quot;lazyload&quot;:&quot;yes&quot;,&quot;gallery_layout&quot;:&quot;grid&quot;,&quot;columns_tablet&quot;:2,&quot;columns_mobile&quot;:1,&quot;gap&quot;:{&quot;unit&quot;:&quot;px&quot;,&quot;size&quot;:10,&quot;sizes&quot;:[]},&quot;gap_tablet&quot;:{&quot;unit&quot;:&quot;px&quot;,&quot;size&quot;:10,&quot;sizes&quot;:[]},&quot;gap_mobile&quot;:{&quot;unit&quot;:&quot;px&quot;,&quot;size&quot;:10,&quot;sizes&quot;:[]},&quot;link_to&quot;:&quot;file&quot;,&quot;overlay_background&quot;:&quot;yes&quot;,&quot;content_hover_animation&quot;:&quot;fade-in&quot;}\" data-widget_type=\"gallery.default\">\n\t\t\t\t<div class=\"elementor-widget-container\">\n\t\t\t\t\t\t\t<div class=\"elementor-gallery__container\">\n\t\t\t\t\t\t\t<a class=\"e-gallery-item elementor-gallery-item elementor-animated-content\" href=\"https:\/\/be-nature.be\/wp-content\/uploads\/2024\/08\/Ontwerp-zonder-titel-71.png\" data-elementor-open-lightbox=\"yes\" data-elementor-lightbox-slideshow=\"03ced32\" data-e-action-hash=\"#elementor-action%3Aaction%3Dlightbox%26settings%3DeyJpZCI6NDY1MywidXJsIjoiaHR0cHM6XC9cL2JlLW5hdHVyZS5iZVwvd3AtY29udGVudFwvdXBsb2Fkc1wvMjAyNFwvMDhcL09udHdlcnAtem9uZGVyLXRpdGVsLTcxLnBuZyIsInNsaWRlc2hvdyI6IjAzY2VkMzIifQ%3D%3D\">\n\t\t\t\t\t<div class=\"e-gallery-image elementor-gallery-item__image\" data-thumbnail=\"https:\/\/be-nature.be\/wp-content\/uploads\/2024\/08\/Ontwerp-zonder-titel-71.png\" data-width=\"940\" data-height=\"788\" aria-label=\"\" role=\"img\" ><\/div>\n\t\t\t\t\t\t\t\t\t\t\t<div class=\"elementor-gallery-item__overlay\"><\/div>\n\t\t\t\t\t\t\t\t\t\t\t\t\t\t<\/a>\n\t\t\t\t\t\t\t<a class=\"e-gallery-item elementor-gallery-item elementor-animated-content\" href=\"https:\/\/be-nature.be\/wp-content\/uploads\/2023\/02\/prov-limb-logo-PNG-e1724934963601.png\" data-elementor-open-lightbox=\"yes\" data-elementor-lightbox-slideshow=\"03ced32\" data-e-action-hash=\"#elementor-action%3Aaction%3Dlightbox%26settings%3DeyJpZCI6MzU1NiwidXJsIjoiaHR0cHM6XC9cL2JlLW5hdHVyZS5iZVwvd3AtY29udGVudFwvdXBsb2Fkc1wvMjAyM1wvMDJcL3Byb3YtbGltYi1sb2dvLVBORy1lMTcyNDkzNDk2MzYwMS5wbmciLCJzbGlkZXNob3ciOiIwM2NlZDMyIn0%3D\">\n\t\t\t\t\t<div class=\"e-gallery-image elementor-gallery-item__image\" data-thumbnail=\"https:\/\/be-nature.be\/wp-content\/uploads\/2023\/02\/prov-limb-logo-PNG-e1724934963601.png\" data-width=\"684\" data-height=\"523\" aria-label=\"\" role=\"img\" ><\/div>\n\t\t\t\t\t\t\t\t\t\t\t<div class=\"elementor-gallery-item__overlay\"><\/div>\n\t\t\t\t\t\t\t\t\t\t\t\t\t\t<\/a>\n\t\t\t\t\t\t\t<a class=\"e-gallery-item elementor-gallery-item elementor-animated-content\" href=\"https:\/\/be-nature.be\/wp-content\/uploads\/2024\/08\/Ontwerp-zonder-titel-69.png\" data-elementor-open-lightbox=\"yes\" data-elementor-lightbox-slideshow=\"03ced32\" data-e-action-hash=\"#elementor-action%3Aaction%3Dlightbox%26settings%3DeyJpZCI6NDY0NCwidXJsIjoiaHR0cHM6XC9cL2JlLW5hdHVyZS5iZVwvd3AtY29udGVudFwvdXBsb2Fkc1wvMjAyNFwvMDhcL09udHdlcnAtem9uZGVyLXRpdGVsLTY5LnBuZyIsInNsaWRlc2hvdyI6IjAzY2VkMzIifQ%3D%3D\">\n\t\t\t\t\t<div class=\"e-gallery-image elementor-gallery-item__image\" data-thumbnail=\"https:\/\/be-nature.be\/wp-content\/uploads\/2024\/08\/Ontwerp-zonder-titel-69.png\" data-width=\"940\" data-height=\"788\" aria-label=\"\" role=\"img\" ><\/div>\n\t\t\t\t\t\t\t\t\t\t\t<div class=\"elementor-gallery-item__overlay\"><\/div>\n\t\t\t\t\t\t\t\t\t\t\t\t\t\t<\/a>\n\t\t\t\t\t\t\t<a class=\"e-gallery-item elementor-gallery-item elementor-animated-content\" href=\"https:\/\/be-nature.be\/wp-content\/uploads\/2024\/08\/1-3.png\" data-elementor-open-lightbox=\"yes\" data-elementor-lightbox-slideshow=\"03ced32\" data-e-action-hash=\"#elementor-action%3Aaction%3Dlightbox%26settings%3DeyJpZCI6NDYzOCwidXJsIjoiaHR0cHM6XC9cL2JlLW5hdHVyZS5iZVwvd3AtY29udGVudFwvdXBsb2Fkc1wvMjAyNFwvMDhcLzEtMy5wbmciLCJzbGlkZXNob3ciOiIwM2NlZDMyIn0%3D\">\n\t\t\t\t\t<div class=\"e-gallery-image elementor-gallery-item__image\" data-thumbnail=\"https:\/\/be-nature.be\/wp-content\/uploads\/2024\/08\/1-3.png\" data-width=\"940\" data-height=\"788\" aria-label=\"\" role=\"img\" ><\/div>\n\t\t\t\t\t\t\t\t\t\t\t<div class=\"elementor-gallery-item__overlay\"><\/div>\n\t\t\t\t\t\t\t\t\t\t\t\t\t\t<\/a>\n\t\t\t\t\t\t\t<a class=\"e-gallery-item elementor-gallery-item elementor-animated-content\" href=\"https:\/\/be-nature.be\/wp-content\/uploads\/2023\/02\/Ontwerp-zonder-titel-2.png\" data-elementor-open-lightbox=\"yes\" data-elementor-lightbox-slideshow=\"03ced32\" data-e-action-hash=\"#elementor-action%3Aaction%3Dlightbox%26settings%3DeyJpZCI6MzU2NSwidXJsIjoiaHR0cHM6XC9cL2JlLW5hdHVyZS5iZVwvd3AtY29udGVudFwvdXBsb2Fkc1wvMjAyM1wvMDJcL09udHdlcnAtem9uZGVyLXRpdGVsLTIucG5nIiwic2xpZGVzaG93IjoiMDNjZWQzMiJ9\">\n\t\t\t\t\t<div class=\"e-gallery-image elementor-gallery-item__image\" data-thumbnail=\"https:\/\/be-nature.be\/wp-content\/uploads\/2023\/02\/Ontwerp-zonder-titel-2.png\" data-width=\"374\" data-height=\"158\" aria-label=\"\" role=\"img\" ><\/div>\n\t\t\t\t\t\t\t\t\t\t\t<div class=\"elementor-gallery-item__overlay\"><\/div>\n\t\t\t\t\t\t\t\t\t\t\t\t\t\t<\/a>\n\t\t\t\t\t\t\t<a class=\"e-gallery-item elementor-gallery-item elementor-animated-content\" href=\"https:\/\/be-nature.be\/wp-content\/uploads\/2023\/03\/LRM_Logo_OxygenForGrowth_RGB_black-2-e1724935198173.png\" data-elementor-open-lightbox=\"yes\" data-elementor-lightbox-slideshow=\"03ced32\" data-e-action-hash=\"#elementor-action%3Aaction%3Dlightbox%26settings%3DeyJpZCI6MzU5NCwidXJsIjoiaHR0cHM6XC9cL2JlLW5hdHVyZS5iZVwvd3AtY29udGVudFwvdXBsb2Fkc1wvMjAyM1wvMDNcL0xSTV9Mb2dvX094eWdlbkZvckdyb3d0aF9SR0JfYmxhY2stMi1lMTcyNDkzNTE5ODE3My5wbmciLCJzbGlkZXNob3ciOiIwM2NlZDMyIn0%3D\">\n\t\t\t\t\t<div class=\"e-gallery-image elementor-gallery-item__image\" data-thumbnail=\"https:\/\/be-nature.be\/wp-content\/uploads\/2023\/03\/LRM_Logo_OxygenForGrowth_RGB_black-2-e1724935198173-1024x948.png\" data-width=\"1024\" data-height=\"948\" aria-label=\"\" role=\"img\" ><\/div>\n\t\t\t\t\t\t\t\t\t\t\t<div class=\"elementor-gallery-item__overlay\"><\/div>\n\t\t\t\t\t\t\t\t\t\t\t\t\t\t<\/a>\n\t\t\t\t\t\t\t<a class=\"e-gallery-item elementor-gallery-item elementor-animated-content\" href=\"https:\/\/be-nature.be\/wp-content\/uploads\/2024\/08\/2-4.png\" data-elementor-open-lightbox=\"yes\" data-elementor-lightbox-slideshow=\"03ced32\" data-e-action-hash=\"#elementor-action%3Aaction%3Dlightbox%26settings%3DeyJpZCI6NDY0MSwidXJsIjoiaHR0cHM6XC9cL2JlLW5hdHVyZS5iZVwvd3AtY29udGVudFwvdXBsb2Fkc1wvMjAyNFwvMDhcLzItNC5wbmciLCJzbGlkZXNob3ciOiIwM2NlZDMyIn0%3D\">\n\t\t\t\t\t<div class=\"e-gallery-image elementor-gallery-item__image\" data-thumbnail=\"https:\/\/be-nature.be\/wp-content\/uploads\/2024\/08\/2-4.png\" data-width=\"940\" data-height=\"788\" aria-label=\"\" role=\"img\" ><\/div>\n\t\t\t\t\t\t\t\t\t\t\t<div class=\"elementor-gallery-item__overlay\"><\/div>\n\t\t\t\t\t\t\t\t\t\t\t\t\t\t<\/a>\n\t\t\t\t\t\t\t<a class=\"e-gallery-item elementor-gallery-item elementor-animated-content\" href=\"https:\/\/be-nature.be\/wp-content\/uploads\/2024\/08\/Ontwerp-zonder-titel-70.png\" data-elementor-open-lightbox=\"yes\" data-elementor-lightbox-slideshow=\"03ced32\" data-e-action-hash=\"#elementor-action%3Aaction%3Dlightbox%26settings%3DeyJpZCI6NDY0NywidXJsIjoiaHR0cHM6XC9cL2JlLW5hdHVyZS5iZVwvd3AtY29udGVudFwvdXBsb2Fkc1wvMjAyNFwvMDhcL09udHdlcnAtem9uZGVyLXRpdGVsLTcwLnBuZyIsInNsaWRlc2hvdyI6IjAzY2VkMzIifQ%3D%3D\">\n\t\t\t\t\t<div class=\"e-gallery-image elementor-gallery-item__image\" data-thumbnail=\"https:\/\/be-nature.be\/wp-content\/uploads\/2024\/08\/Ontwerp-zonder-titel-70.png\" data-width=\"940\" data-height=\"788\" aria-label=\"\" role=\"img\" ><\/div>\n\t\t\t\t\t\t\t\t\t\t\t<div class=\"elementor-gallery-item__overlay\"><\/div>\n\t\t\t\t\t\t\t\t\t\t\t\t\t\t<\/a>\n\t\t\t\t\t<\/div>\n\t\t\t\t\t<\/div>\n\t\t\t\t<\/div>\n\t\t\t\t<div class=\"elementor-element elementor-element-78ef164 elementor-widget elementor-widget-spacer\" data-id=\"78ef164\" data-element_type=\"widget\" data-e-type=\"widget\" data-widget_type=\"spacer.default\">\n\t\t\t\t<div class=\"elementor-widget-container\">\n\t\t\t\t\t\t\t<div class=\"elementor-spacer\">\n\t\t\t<div class=\"elementor-spacer-inner\"><\/div>\n\t\t<\/div>\n\t\t\t\t\t\t<\/div>\n\t\t\t\t<\/div>\n\t\t\t\t\t<\/div>\n\t\t<\/div>\n\t\t\t\t\t<\/div>\n\t\t<\/section>\n\t\t\t\t<\/div>\n\t\t","protected":false},"excerpt":{"rendered":"<p>Investissez-vous ? Participez \u00e0 une histoire unique ! D\u00e9couvrez les possibilit\u00e9s de be-Nature, o\u00f9 nous mettons actuellement la derni\u00e8re main \u00e0 une transformation impressionnante. Au c\u0153ur de l&rsquo;ancienne mine de charbon, les lavoirs offrent un espace spacieux o\u00f9 votre projet peut s&rsquo;\u00e9panouir. C&rsquo;est pourquoi nous sommes heureux d&rsquo;inviter des investisseurs passionn\u00e9s \u00e0 contribuer \u00e0 l&rsquo;histoire [&hellip;]<\/p>\n","protected":false},"author":9,"featured_media":0,"parent":0,"menu_order":0,"comment_status":"closed","ping_status":"closed","template":"","meta":{"site-sidebar-layout":"no-sidebar","site-content-layout":"page-builder","ast-site-content-layout":"full-width-container","site-content-style":"default","site-sidebar-style":"default","ast-global-header-display":"","ast-banner-title-visibility":"","ast-main-header-display":"","ast-hfb-above-header-display":"","ast-hfb-below-header-display":"","ast-hfb-mobile-header-display":"","site-post-title":"disabled","ast-breadcrumbs-content":"","ast-featured-img":"disabled","footer-sml-layout":"","ast-disable-related-posts":"","theme-transparent-header-meta":"","adv-header-id-meta":"","stick-header-meta":"","header-above-stick-meta":"","header-main-stick-meta":"","header-below-stick-meta":"","astra-migrate-meta-layouts":"default","ast-page-background-enabled":"default","ast-page-background-meta":{"desktop":{"background-color":"var(--ast-global-color-4)","background-image":"","background-repeat":"repeat","background-position":"center center","background-size":"auto","background-attachment":"scroll","background-type":"","background-media":"","overlay-type":"","overlay-color":"","overlay-opacity":"","overlay-gradient":""},"tablet":{"background-color":"","background-image":"","background-repeat":"repeat","background-position":"center center","background-size":"auto","background-attachment":"scroll","background-type":"","background-media":"","overlay-type":"","overlay-color":"","overlay-opacity":"","overlay-gradient":""},"mobile":{"background-color":"","background-image":"","background-repeat":"repeat","background-position":"center center","background-size":"auto","background-attachment":"scroll","background-type":"","background-media":"","overlay-type":"","overlay-color":"","overlay-opacity":"","overlay-gradient":""}},"ast-content-background-meta":{"desktop":{"background-color":"var(--ast-global-color-5)","background-image":"","background-repeat":"repeat","background-position":"center center","background-size":"auto","background-attachment":"scroll","background-type":"","background-media":"","overlay-type":"","overlay-color":"","overlay-opacity":"","overlay-gradient":""},"tablet":{"background-color":"var(--ast-global-color-5)","background-image":"","background-repeat":"repeat","background-position":"center center","background-size":"auto","background-attachment":"scroll","background-type":"","background-media":"","overlay-type":"","overlay-color":"","overlay-opacity":"","overlay-gradient":""},"mobile":{"background-color":"var(--ast-global-color-5)","background-image":"","background-repeat":"repeat","background-position":"center center","background-size":"auto","background-attachment":"scroll","background-type":"","background-media":"","overlay-type":"","overlay-color":"","overlay-opacity":"","overlay-gradient":""}},"footnotes":""},"class_list":["post-5162","page","type-page","status-publish","hentry"],"_links":{"self":[{"href":"https:\/\/be-nature.be\/fr\/wp-json\/wp\/v2\/pages\/5162","targetHints":{"allow":["GET"]}}],"collection":[{"href":"https:\/\/be-nature.be\/fr\/wp-json\/wp\/v2\/pages"}],"about":[{"href":"https:\/\/be-nature.be\/fr\/wp-json\/wp\/v2\/types\/page"}],"author":[{"embeddable":true,"href":"https:\/\/be-nature.be\/fr\/wp-json\/wp\/v2\/users\/9"}],"replies":[{"embeddable":true,"href":"https:\/\/be-nature.be\/fr\/wp-json\/wp\/v2\/comments?post=5162"}],"version-history":[{"count":0,"href":"https:\/\/be-nature.be\/fr\/wp-json\/wp\/v2\/pages\/5162\/revisions"}],"wp:attachment":[{"href":"https:\/\/be-nature.be\/fr\/wp-json\/wp\/v2\/media?parent=5162"}],"curies":[{"name":"wp","href":"https:\/\/api.w.org\/{rel}","templated":true}]}}