{"id":5150,"date":"2024-08-30T12:06:41","date_gmt":"2024-08-30T12:06:41","guid":{"rendered":"https:\/\/be-nature.be\/lhistoire\/"},"modified":"2025-01-28T13:46:07","modified_gmt":"2025-01-28T13:46:07","slug":"lhistoire","status":"publish","type":"page","link":"https:\/\/be-nature.be\/fr\/lhistoire\/","title":{"rendered":"L&rsquo;histoire"},"content":{"rendered":"\t\t<div data-elementor-type=\"wp-page\" data-elementor-id=\"5150\" class=\"elementor elementor-5150 elementor-4460\" data-elementor-post-type=\"page\">\n\t\t\t\t\t\t<section data-particle_enable=\"false\" data-particle-mobile-disabled=\"false\" class=\"elementor-section elementor-top-section elementor-element elementor-element-443b37e elementor-section-boxed elementor-section-height-default elementor-section-height-default\" data-id=\"443b37e\" data-element_type=\"section\" data-e-type=\"section\">\n\t\t\t\t\t\t<div class=\"elementor-container elementor-column-gap-default\">\n\t\t\t\t\t<div class=\"elementor-column elementor-col-100 elementor-top-column elementor-element elementor-element-a056191\" data-id=\"a056191\" data-element_type=\"column\" data-e-type=\"column\">\n\t\t\t<div class=\"elementor-widget-wrap elementor-element-populated\">\n\t\t\t\t\t\t<div class=\"elementor-element elementor-element-5ea44ee elementor-widget elementor-widget-heading\" data-id=\"5ea44ee\" data-element_type=\"widget\" data-e-type=\"widget\" data-widget_type=\"heading.default\">\n\t\t\t\t<div class=\"elementor-widget-container\">\n\t\t\t\t\t<h2 class=\"elementor-heading-title elementor-size-default\">L'histoire des lavoirs \u00e0 charbon 1 et 3<\/h2>\t\t\t\t<\/div>\n\t\t\t\t<\/div>\n\t\t\t\t<div class=\"elementor-element elementor-element-9c4f977 elementor-widget elementor-widget-text-editor\" data-id=\"9c4f977\" data-element_type=\"widget\" data-e-type=\"widget\" data-widget_type=\"text-editor.default\">\n\t\t\t\t<div class=\"elementor-widget-container\">\n\t\t\t\t\t\t\t\t\t<p style=\"caret-color: #000000; color: #000000; font-style: normal; margin-top: 0pt; margin-bottom: 0pt; margin-left: 0in; direction: ltr; unicode-bidi: embed; word-break: normal;\"><span style=\"font-size: 14pt;\"> Les lavoirs \u00e0 charbon, la <strong>partie principale de la mine<\/strong>, \u00e9taient l&rsquo;endroit o\u00f9 le charbon \u00e9tait trait\u00e9. Le complexe de b\u00e2timents reposait sur des pilotis, de sorte que les wagons de charbon pouvaient passer en dessous pour \u00eatre remplis de charbon, puis repartir vers le port charbonnier. <\/span><\/p><p style=\"caret-color: #000000; color: #000000; font-style: normal; margin-top: 0pt; margin-bottom: 0pt; margin-left: 0in; direction: ltr; unicode-bidi: embed; word-break: normal;\"><span style=\"font-size: 14pt;\">Autour du lavoir \u00e0 charbon, il y avait toujours de l&rsquo;activit\u00e9, 24 heures sur 24, 7 jours sur 7, avec des <strong>chariots miniers mobiles et des mineurs travaillant durement<\/strong>. Les lavoirs 1 et 3 sont <strong>\u00e0 l&rsquo;arr\u00eat depuis 30 ans.<\/strong> Le b\u00e2timent est vide et en mauvais \u00e9tat, mais <strong>cela va bient\u00f4t changer.<\/strong><\/span><\/p>\t\t\t\t\t\t\t\t<\/div>\n\t\t\t\t<\/div>\n\t\t\t\t<div class=\"elementor-element elementor-element-f77d89c elementor-widget elementor-widget-spacer\" data-id=\"f77d89c\" data-element_type=\"widget\" data-e-type=\"widget\" data-widget_type=\"spacer.default\">\n\t\t\t\t<div class=\"elementor-widget-container\">\n\t\t\t\t\t\t\t<div class=\"elementor-spacer\">\n\t\t\t<div class=\"elementor-spacer-inner\"><\/div>\n\t\t<\/div>\n\t\t\t\t\t\t<\/div>\n\t\t\t\t<\/div>\n\t\t\t\t<div class=\"elementor-element elementor-element-378d588 elementor-widget elementor-widget-heading\" data-id=\"378d588\" data-element_type=\"widget\" data-e-type=\"widget\" data-widget_type=\"heading.default\">\n\t\t\t\t<div class=\"elementor-widget-container\">\n\t\t\t\t\t<h2 class=\"elementor-heading-title elementor-size-default\">En images<\/h2>\t\t\t\t<\/div>\n\t\t\t\t<\/div>\n\t\t\t\t<div class=\"elementor-element elementor-element-70800c3 elementor-widget elementor-widget-gallery\" data-id=\"70800c3\" data-element_type=\"widget\" data-e-type=\"widget\" data-settings=\"{&quot;columns&quot;:3,&quot;lazyload&quot;:&quot;yes&quot;,&quot;gallery_layout&quot;:&quot;grid&quot;,&quot;columns_tablet&quot;:2,&quot;columns_mobile&quot;:1,&quot;gap&quot;:{&quot;unit&quot;:&quot;px&quot;,&quot;size&quot;:10,&quot;sizes&quot;:[]},&quot;gap_tablet&quot;:{&quot;unit&quot;:&quot;px&quot;,&quot;size&quot;:10,&quot;sizes&quot;:[]},&quot;gap_mobile&quot;:{&quot;unit&quot;:&quot;px&quot;,&quot;size&quot;:10,&quot;sizes&quot;:[]},&quot;link_to&quot;:&quot;file&quot;,&quot;aspect_ratio&quot;:&quot;3:2&quot;,&quot;overlay_background&quot;:&quot;yes&quot;,&quot;content_hover_animation&quot;:&quot;fade-in&quot;}\" data-widget_type=\"gallery.default\">\n\t\t\t\t<div class=\"elementor-widget-container\">\n\t\t\t\t\t\t\t<div class=\"elementor-gallery__container\">\n\t\t\t\t\t\t\t<a class=\"e-gallery-item elementor-gallery-item elementor-animated-content\" href=\"https:\/\/be-nature.be\/wp-content\/uploads\/2024\/08\/425284130_1114738219882751_3837856395766339046_n.jpg\" data-elementor-open-lightbox=\"yes\" data-elementor-lightbox-slideshow=\"70800c3\" data-elementor-lightbox-description=\"Een reeks karretjes met steenkool op weg naar de kolenwasserij.\" data-e-action-hash=\"#elementor-action%3Aaction%3Dlightbox%26settings%3DeyJpZCI6NDA2MSwidXJsIjoiaHR0cHM6XC9cL2JlLW5hdHVyZS5iZVwvd3AtY29udGVudFwvdXBsb2Fkc1wvMjAyNFwvMDhcLzQyNTI4NDEzMF8xMTE0NzM4MjE5ODgyNzUxXzM4Mzc4NTYzOTU3NjYzMzkwNDZfbi5qcGciLCJzbGlkZXNob3ciOiI3MDgwMGMzIn0%3D\">\n\t\t\t\t\t<div class=\"e-gallery-image elementor-gallery-item__image\" data-thumbnail=\"https:\/\/be-nature.be\/wp-content\/uploads\/2024\/08\/425284130_1114738219882751_3837856395766339046_n-300x222.jpg\" data-width=\"300\" data-height=\"222\" aria-label=\"\" role=\"img\" ><\/div>\n\t\t\t\t\t\t\t\t\t\t\t<div class=\"elementor-gallery-item__overlay\"><\/div>\n\t\t\t\t\t\t\t\t\t\t\t\t\t\t<\/a>\n\t\t\t\t\t\t\t<a class=\"e-gallery-item elementor-gallery-item elementor-animated-content\" href=\"https:\/\/be-nature.be\/wp-content\/uploads\/2024\/08\/kolenwasserij-beringen.jpg\" data-elementor-open-lightbox=\"yes\" data-elementor-lightbox-slideshow=\"70800c3\" data-elementor-lightbox-description=\"De kolenwasserij anno X\" data-e-action-hash=\"#elementor-action%3Aaction%3Dlightbox%26settings%3DeyJpZCI6NDA1OCwidXJsIjoiaHR0cHM6XC9cL2JlLW5hdHVyZS5iZVwvd3AtY29udGVudFwvdXBsb2Fkc1wvMjAyNFwvMDhcL2tvbGVud2Fzc2VyaWotYmVyaW5nZW4uanBnIiwic2xpZGVzaG93IjoiNzA4MDBjMyJ9\">\n\t\t\t\t\t<div class=\"e-gallery-image elementor-gallery-item__image\" data-thumbnail=\"https:\/\/be-nature.be\/wp-content\/uploads\/2024\/08\/kolenwasserij-beringen-300x195.jpg\" data-width=\"300\" data-height=\"195\" aria-label=\"\" role=\"img\" ><\/div>\n\t\t\t\t\t\t\t\t\t\t\t<div class=\"elementor-gallery-item__overlay\"><\/div>\n\t\t\t\t\t\t\t\t\t\t\t\t\t\t<\/a>\n\t\t\t\t\t\t\t<a class=\"e-gallery-item elementor-gallery-item elementor-animated-content\" href=\"https:\/\/be-nature.be\/wp-content\/uploads\/2024\/08\/Koolmijn_c-Toerisme-Beringen_2018.jpg\" data-elementor-open-lightbox=\"yes\" data-elementor-lightbox-slideshow=\"70800c3\" data-elementor-lightbox-description=\"Mijnwerkers\" data-e-action-hash=\"#elementor-action%3Aaction%3Dlightbox%26settings%3DeyJpZCI6NDA1NSwidXJsIjoiaHR0cHM6XC9cL2JlLW5hdHVyZS5iZVwvd3AtY29udGVudFwvdXBsb2Fkc1wvMjAyNFwvMDhcL0tvb2xtaWpuX2MtVG9lcmlzbWUtQmVyaW5nZW5fMjAxOC5qcGciLCJzbGlkZXNob3ciOiI3MDgwMGMzIn0%3D\">\n\t\t\t\t\t<div class=\"e-gallery-image elementor-gallery-item__image\" data-thumbnail=\"https:\/\/be-nature.be\/wp-content\/uploads\/2024\/08\/Koolmijn_c-Toerisme-Beringen_2018-300x221.jpg\" data-width=\"300\" data-height=\"221\" aria-label=\"\" role=\"img\" ><\/div>\n\t\t\t\t\t\t\t\t\t\t\t<div class=\"elementor-gallery-item__overlay\"><\/div>\n\t\t\t\t\t\t\t\t\t\t\t\t\t\t<\/a>\n\t\t\t\t\t\t\t<a class=\"e-gallery-item elementor-gallery-item elementor-animated-content\" href=\"https:\/\/be-nature.be\/wp-content\/uploads\/2024\/08\/Schacht_c-Toerisme-Beringen_2018-2.jpg\" data-elementor-open-lightbox=\"yes\" data-elementor-lightbox-slideshow=\"70800c3\" data-elementor-lightbox-description=\"Een zijaanzicht van de mijnsite anno X, het voorste gebouw heeft nu plaats gemaakt voor een deel natuur en een deel parking van de be-MINE boulevard.\" data-e-action-hash=\"#elementor-action%3Aaction%3Dlightbox%26settings%3DeyJpZCI6NDQ2MywidXJsIjoiaHR0cHM6XC9cL2JlLW5hdHVyZS5iZVwvd3AtY29udGVudFwvdXBsb2Fkc1wvMjAyNFwvMDhcL1NjaGFjaHRfYy1Ub2VyaXNtZS1CZXJpbmdlbl8yMDE4LTIuanBnIiwic2xpZGVzaG93IjoiNzA4MDBjMyJ9\">\n\t\t\t\t\t<div class=\"e-gallery-image elementor-gallery-item__image\" data-thumbnail=\"https:\/\/be-nature.be\/wp-content\/uploads\/2024\/08\/Schacht_c-Toerisme-Beringen_2018-2-300x216.jpg\" data-width=\"300\" data-height=\"216\" aria-label=\"\" role=\"img\" ><\/div>\n\t\t\t\t\t\t\t\t\t\t\t<div class=\"elementor-gallery-item__overlay\"><\/div>\n\t\t\t\t\t\t\t\t\t\t\t\t\t\t<\/a>\n\t\t\t\t\t\t\t<a class=\"e-gallery-item elementor-gallery-item elementor-animated-content\" href=\"https:\/\/be-nature.be\/wp-content\/uploads\/2024\/08\/424582319_1114738169882756_8361203546504634416_n.jpg\" data-elementor-open-lightbox=\"yes\" data-elementor-lightbox-slideshow=\"70800c3\" data-elementor-lightbox-description=\"Een bovenaanzicht van de mijnsite anno X\" data-e-action-hash=\"#elementor-action%3Aaction%3Dlightbox%26settings%3DeyJpZCI6NDQ2NiwidXJsIjoiaHR0cHM6XC9cL2JlLW5hdHVyZS5iZVwvd3AtY29udGVudFwvdXBsb2Fkc1wvMjAyNFwvMDhcLzQyNDU4MjMxOV8xMTE0NzM4MTY5ODgyNzU2XzgzNjEyMDM1NDY1MDQ2MzQ0MTZfbi5qcGciLCJzbGlkZXNob3ciOiI3MDgwMGMzIn0%3D\">\n\t\t\t\t\t<div class=\"e-gallery-image elementor-gallery-item__image\" data-thumbnail=\"https:\/\/be-nature.be\/wp-content\/uploads\/2024\/08\/424582319_1114738169882756_8361203546504634416_n-300x210.jpg\" data-width=\"300\" data-height=\"210\" aria-label=\"\" role=\"img\" ><\/div>\n\t\t\t\t\t\t\t\t\t\t\t<div class=\"elementor-gallery-item__overlay\"><\/div>\n\t\t\t\t\t\t\t\t\t\t\t\t\t\t<\/a>\n\t\t\t\t\t\t\t<a class=\"e-gallery-item elementor-gallery-item elementor-animated-content\" href=\"https:\/\/be-nature.be\/wp-content\/uploads\/2024\/08\/0c12693748bd444764ac588920012f6f.jpg\" data-elementor-open-lightbox=\"yes\" data-elementor-lightbox-slideshow=\"70800c3\" data-elementor-lightbox-description=\"Voordat oliepitlampen populair werden, waren kaarsen de belangrijkste bron van verlichting in de mijn. De kaarsen werden in metalen kaarsenhouders met punten gezet en werden ofwel in het framehout gehamerd of op wankele wijze aan een mijnwerkershoed bevestigd.\" data-e-action-hash=\"#elementor-action%3Aaction%3Dlightbox%26settings%3DeyJpZCI6NDQ2OSwidXJsIjoiaHR0cHM6XC9cL2JlLW5hdHVyZS5iZVwvd3AtY29udGVudFwvdXBsb2Fkc1wvMjAyNFwvMDhcLzBjMTI2OTM3NDhiZDQ0NDc2NGFjNTg4OTIwMDEyZjZmLmpwZyIsInNsaWRlc2hvdyI6IjcwODAwYzMifQ%3D%3D\">\n\t\t\t\t\t<div class=\"e-gallery-image elementor-gallery-item__image\" data-thumbnail=\"https:\/\/be-nature.be\/wp-content\/uploads\/2024\/08\/0c12693748bd444764ac588920012f6f-212x300.jpg\" data-width=\"212\" data-height=\"300\" aria-label=\"\" role=\"img\" ><\/div>\n\t\t\t\t\t\t\t\t\t\t\t<div class=\"elementor-gallery-item__overlay\"><\/div>\n\t\t\t\t\t\t\t\t\t\t\t\t\t\t<\/a>\n\t\t\t\t\t<\/div>\n\t\t\t\t\t<\/div>\n\t\t\t\t<\/div>\n\t\t\t\t<div class=\"elementor-element elementor-element-67f6248 elementor-widget elementor-widget-spacer\" data-id=\"67f6248\" data-element_type=\"widget\" data-e-type=\"widget\" data-widget_type=\"spacer.default\">\n\t\t\t\t<div class=\"elementor-widget-container\">\n\t\t\t\t\t\t\t<div class=\"elementor-spacer\">\n\t\t\t<div class=\"elementor-spacer-inner\"><\/div>\n\t\t<\/div>\n\t\t\t\t\t\t<\/div>\n\t\t\t\t<\/div>\n\t\t\t\t\t<\/div>\n\t\t<\/div>\n\t\t\t\t\t<\/div>\n\t\t<\/section>\n\t\t\t\t<\/div>\n\t\t","protected":false},"excerpt":{"rendered":"<p>L&rsquo;histoire des lavoirs \u00e0 charbon 1 et 3 Les lavoirs \u00e0 charbon, la partie principale de la mine, \u00e9taient l&rsquo;endroit o\u00f9 le charbon \u00e9tait trait\u00e9. Le complexe de b\u00e2timents reposait sur des pilotis, de sorte que les wagons de charbon pouvaient passer en dessous pour \u00eatre remplis de charbon, puis repartir vers le port charbonnier. [&hellip;]<\/p>\n","protected":false},"author":9,"featured_media":0,"parent":0,"menu_order":0,"comment_status":"closed","ping_status":"closed","template":"","meta":{"site-sidebar-layout":"no-sidebar","site-content-layout":"page-builder","ast-site-content-layout":"full-width-container","site-content-style":"default","site-sidebar-style":"default","ast-global-header-display":"","ast-banner-title-visibility":"","ast-main-header-display":"","ast-hfb-above-header-display":"","ast-hfb-below-header-display":"","ast-hfb-mobile-header-display":"","site-post-title":"disabled","ast-breadcrumbs-content":"","ast-featured-img":"disabled","footer-sml-layout":"","ast-disable-related-posts":"","theme-transparent-header-meta":"","adv-header-id-meta":"","stick-header-meta":"","header-above-stick-meta":"","header-main-stick-meta":"","header-below-stick-meta":"","astra-migrate-meta-layouts":"default","ast-page-background-enabled":"default","ast-page-background-meta":{"desktop":{"background-color":"var(--ast-global-color-4)","background-image":"","background-repeat":"repeat","background-position":"center center","background-size":"auto","background-attachment":"scroll","background-type":"","background-media":"","overlay-type":"","overlay-color":"","overlay-opacity":"","overlay-gradient":""},"tablet":{"background-color":"","background-image":"","background-repeat":"repeat","background-position":"center center","background-size":"auto","background-attachment":"scroll","background-type":"","background-media":"","overlay-type":"","overlay-color":"","overlay-opacity":"","overlay-gradient":""},"mobile":{"background-color":"","background-image":"","background-repeat":"repeat","background-position":"center center","background-size":"auto","background-attachment":"scroll","background-type":"","background-media":"","overlay-type":"","overlay-color":"","overlay-opacity":"","overlay-gradient":""}},"ast-content-background-meta":{"desktop":{"background-color":"var(--ast-global-color-5)","background-image":"","background-repeat":"repeat","background-position":"center center","background-size":"auto","background-attachment":"scroll","background-type":"","background-media":"","overlay-type":"","overlay-color":"","overlay-opacity":"","overlay-gradient":""},"tablet":{"background-color":"var(--ast-global-color-5)","background-image":"","background-repeat":"repeat","background-position":"center center","background-size":"auto","background-attachment":"scroll","background-type":"","background-media":"","overlay-type":"","overlay-color":"","overlay-opacity":"","overlay-gradient":""},"mobile":{"background-color":"var(--ast-global-color-5)","background-image":"","background-repeat":"repeat","background-position":"center center","background-size":"auto","background-attachment":"scroll","background-type":"","background-media":"","overlay-type":"","overlay-color":"","overlay-opacity":"","overlay-gradient":""}},"footnotes":""},"class_list":["post-5150","page","type-page","status-publish","hentry"],"_links":{"self":[{"href":"https:\/\/be-nature.be\/fr\/wp-json\/wp\/v2\/pages\/5150","targetHints":{"allow":["GET"]}}],"collection":[{"href":"https:\/\/be-nature.be\/fr\/wp-json\/wp\/v2\/pages"}],"about":[{"href":"https:\/\/be-nature.be\/fr\/wp-json\/wp\/v2\/types\/page"}],"author":[{"embeddable":true,"href":"https:\/\/be-nature.be\/fr\/wp-json\/wp\/v2\/users\/9"}],"replies":[{"embeddable":true,"href":"https:\/\/be-nature.be\/fr\/wp-json\/wp\/v2\/comments?post=5150"}],"version-history":[{"count":0,"href":"https:\/\/be-nature.be\/fr\/wp-json\/wp\/v2\/pages\/5150\/revisions"}],"wp:attachment":[{"href":"https:\/\/be-nature.be\/fr\/wp-json\/wp\/v2\/media?parent=5150"}],"curies":[{"name":"wp","href":"https:\/\/api.w.org\/{rel}","templated":true}]}}