{"id":3317,"date":"2021-09-22T14:57:45","date_gmt":"2021-09-22T14:57:45","guid":{"rendered":"https:\/\/be-nature.be\/actualites-et-evenements-2\/"},"modified":"2025-01-20T09:23:25","modified_gmt":"2025-01-20T09:23:25","slug":"actualites-et-evenements-2","status":"publish","type":"page","link":"https:\/\/be-nature.be\/fr\/actualites-et-evenements-2\/","title":{"rendered":"actualit\u00e9s et \u00e9v\u00e9nements"},"content":{"rendered":"\t\t<div data-elementor-type=\"wp-page\" data-elementor-id=\"3317\" class=\"elementor elementor-3317 elementor-2215\" data-elementor-post-type=\"page\">\n\t\t\t\t\t\t<section data-particle_enable=\"false\" data-particle-mobile-disabled=\"false\" class=\"elementor-section elementor-top-section elementor-element elementor-element-dad1510 elementor-section-boxed elementor-section-height-default elementor-section-height-default\" data-id=\"dad1510\" data-element_type=\"section\" data-e-type=\"section\">\n\t\t\t\t\t\t<div class=\"elementor-container elementor-column-gap-default\">\n\t\t\t\t\t<div class=\"elementor-column elementor-col-100 elementor-top-column elementor-element elementor-element-3c2b47a\" data-id=\"3c2b47a\" data-element_type=\"column\" data-e-type=\"column\" data-settings=\"{&quot;background_background&quot;:&quot;classic&quot;}\">\n\t\t\t<div class=\"elementor-widget-wrap elementor-element-populated\">\n\t\t\t\t\t\t<div class=\"elementor-element elementor-element-de527e7 elementor-widget elementor-widget-heading\" data-id=\"de527e7\" data-element_type=\"widget\" data-e-type=\"widget\" data-widget_type=\"heading.default\">\n\t\t\t\t<div class=\"elementor-widget-container\">\n\t\t\t\t\t<h2 class=\"elementor-heading-title elementor-size-default\">Nouvelles et \u00e9v\u00e9nements<\/h2>\t\t\t\t<\/div>\n\t\t\t\t<\/div>\n\t\t\t\t<div class=\"elementor-element elementor-element-cb18cc8 elementor-grid-3 elementor-grid-tablet-2 elementor-grid-mobile-1 elementor-posts--thumbnail-top elementor-card-shadow-yes elementor-posts__hover-gradient elementor-widget elementor-widget-posts\" data-id=\"cb18cc8\" data-element_type=\"widget\" data-e-type=\"widget\" data-settings=\"{&quot;cards_row_gap&quot;:{&quot;unit&quot;:&quot;px&quot;,&quot;size&quot;:34,&quot;sizes&quot;:[]},&quot;pagination_type&quot;:&quot;numbers&quot;,&quot;cards_columns&quot;:&quot;3&quot;,&quot;cards_columns_tablet&quot;:&quot;2&quot;,&quot;cards_columns_mobile&quot;:&quot;1&quot;,&quot;cards_row_gap_tablet&quot;:{&quot;unit&quot;:&quot;px&quot;,&quot;size&quot;:&quot;&quot;,&quot;sizes&quot;:[]},&quot;cards_row_gap_mobile&quot;:{&quot;unit&quot;:&quot;px&quot;,&quot;size&quot;:&quot;&quot;,&quot;sizes&quot;:[]}}\" data-widget_type=\"posts.cards\">\n\t\t\t\t<div class=\"elementor-widget-container\">\n\t\t\t\t\t\t\t<div class=\"elementor-posts-container elementor-posts elementor-posts--skin-cards elementor-grid\" role=\"list\">\n\t\t\t\t<article class=\"elementor-post elementor-grid-item post-6767 post type-post status-publish format-standard has-post-thumbnail hentry category-non-classifiee\" role=\"listitem\">\n\t\t\t<div class=\"elementor-post__card\">\n\t\t\t\t<a class=\"elementor-post__thumbnail__link\" href=\"https:\/\/be-nature.be\/fr\/be-nature-prend-de-plus-en-plus-forme\/\" tabindex=\"-1\" target=\"_blank\"><div class=\"elementor-post__thumbnail\"><img fetchpriority=\"high\" decoding=\"async\" width=\"1024\" height=\"768\" src=\"https:\/\/be-nature.be\/wp-content\/uploads\/2026\/03\/be-NATURE-stalen-geraamte-uitzichtpunt-1024x768.jpeg\" class=\"attachment-large size-large wp-image-6708\" alt=\"be-NATURE stalen geraamte uitzichtpunt werken sloop\" srcset=\"https:\/\/be-nature.be\/wp-content\/uploads\/2026\/03\/be-NATURE-stalen-geraamte-uitzichtpunt-1024x768.jpeg 1024w, https:\/\/be-nature.be\/wp-content\/uploads\/2026\/03\/be-NATURE-stalen-geraamte-uitzichtpunt-300x225.jpeg 300w, https:\/\/be-nature.be\/wp-content\/uploads\/2026\/03\/be-NATURE-stalen-geraamte-uitzichtpunt-768x576.jpeg 768w, https:\/\/be-nature.be\/wp-content\/uploads\/2026\/03\/be-NATURE-stalen-geraamte-uitzichtpunt-1536x1152.jpeg 1536w, https:\/\/be-nature.be\/wp-content\/uploads\/2026\/03\/be-NATURE-stalen-geraamte-uitzichtpunt.jpeg 2048w\" sizes=\"(max-width: 1024px) 100vw, 1024px\" \/><\/div><\/a>\n\t\t\t\t<div class=\"elementor-post__text\">\n\t\t\t\t<h3 class=\"elementor-post__title\">\n\t\t\t<a href=\"https:\/\/be-nature.be\/fr\/be-nature-prend-de-plus-en-plus-forme\/\" target=&quot;_blank&quot;>\n\t\t\t\tbe\u2011NATURE prend de plus en plus forme\t\t\t<\/a>\n\t\t<\/h3>\n\t\t\n\t\t<a class=\"elementor-post__read-more\" href=\"https:\/\/be-nature.be\/fr\/be-nature-prend-de-plus-en-plus-forme\/\" aria-label=\"En savoir plus sur be\u2011NATURE prend de plus en plus forme\" tabindex=\"-1\" target=\"_blank\">\n\t\t\tLire la suite\t\t<\/a>\n\n\t\t\t\t<\/div>\n\t\t\t\t\t<\/div>\n\t\t<\/article>\n\t\t\t\t<article class=\"elementor-post elementor-grid-item post-6605 post type-post status-publish format-standard has-post-thumbnail hentry category-non-classifiee\" role=\"listitem\">\n\t\t\t<div class=\"elementor-post__card\">\n\t\t\t\t<a class=\"elementor-post__thumbnail__link\" href=\"https:\/\/be-nature.be\/fr\/le-patrimoine-prend-vie-des-milliers-de-visiteurs-decouvrent-le-futur-de-be-nature\/\" tabindex=\"-1\" target=\"_blank\"><div class=\"elementor-post__thumbnail\"><img decoding=\"async\" width=\"1024\" height=\"683\" src=\"https:\/\/be-nature.be\/wp-content\/uploads\/2025\/09\/OMD2025-Be-NATURE-Jokko-064_c302_2c2f3248-1024x683.jpg\" class=\"attachment-large size-large wp-image-6556\" alt=\"\" srcset=\"https:\/\/be-nature.be\/wp-content\/uploads\/2025\/09\/OMD2025-Be-NATURE-Jokko-064_c302_2c2f3248-1024x683.jpg 1024w, https:\/\/be-nature.be\/wp-content\/uploads\/2025\/09\/OMD2025-Be-NATURE-Jokko-064_c302_2c2f3248-300x200.jpg 300w, https:\/\/be-nature.be\/wp-content\/uploads\/2025\/09\/OMD2025-Be-NATURE-Jokko-064_c302_2c2f3248-768x512.jpg 768w, https:\/\/be-nature.be\/wp-content\/uploads\/2025\/09\/OMD2025-Be-NATURE-Jokko-064_c302_2c2f3248-1536x1024.jpg 1536w, https:\/\/be-nature.be\/wp-content\/uploads\/2025\/09\/OMD2025-Be-NATURE-Jokko-064_c302_2c2f3248-2048x1366.jpg 2048w\" sizes=\"(max-width: 1024px) 100vw, 1024px\" \/><\/div><\/a>\n\t\t\t\t<div class=\"elementor-post__text\">\n\t\t\t\t<h3 class=\"elementor-post__title\">\n\t\t\t<a href=\"https:\/\/be-nature.be\/fr\/le-patrimoine-prend-vie-des-milliers-de-visiteurs-decouvrent-le-futur-de-be-nature\/\" target=&quot;_blank&quot;>\n\t\t\t\tLe patrimoine prend vie : des milliers de visiteurs d\u00e9couvrent le futur de be-NATURE\t\t\t<\/a>\n\t\t<\/h3>\n\t\t\n\t\t<a class=\"elementor-post__read-more\" href=\"https:\/\/be-nature.be\/fr\/le-patrimoine-prend-vie-des-milliers-de-visiteurs-decouvrent-le-futur-de-be-nature\/\" aria-label=\"En savoir plus sur Le patrimoine prend vie : des milliers de visiteurs d\u00e9couvrent le futur de be-NATURE\" tabindex=\"-1\" target=\"_blank\">\n\t\t\tLire la suite\t\t<\/a>\n\n\t\t\t\t<\/div>\n\t\t\t\t\t<\/div>\n\t\t<\/article>\n\t\t\t\t<article class=\"elementor-post elementor-grid-item post-6094 post type-post status-publish format-standard has-post-thumbnail hentry category-non-classifiee\" role=\"listitem\">\n\t\t\t<div class=\"elementor-post__card\">\n\t\t\t\t<a class=\"elementor-post__thumbnail__link\" href=\"https:\/\/be-nature.be\/fr\/be-mine-ouvre-un-sentier-dexperience-unique-sous-les-friches-de-charbon-et-entame-la-construction-du-sporenpark\/\" tabindex=\"-1\" target=\"_blank\"><div class=\"elementor-post__thumbnail\"><img decoding=\"async\" width=\"1024\" height=\"683\" src=\"https:\/\/be-nature.be\/wp-content\/uploads\/2025\/06\/BE3C551-1024x683.jpg\" class=\"attachment-large size-large wp-image-6085\" alt=\"\" srcset=\"https:\/\/be-nature.be\/wp-content\/uploads\/2025\/06\/BE3C551-1024x683.jpg 1024w, https:\/\/be-nature.be\/wp-content\/uploads\/2025\/06\/BE3C551-300x200.jpg 300w, https:\/\/be-nature.be\/wp-content\/uploads\/2025\/06\/BE3C551-768x512.jpg 768w, https:\/\/be-nature.be\/wp-content\/uploads\/2025\/06\/BE3C551-1536x1024.jpg 1536w, https:\/\/be-nature.be\/wp-content\/uploads\/2025\/06\/BE3C551.jpg 1800w\" sizes=\"(max-width: 1024px) 100vw, 1024px\" \/><\/div><\/a>\n\t\t\t\t<div class=\"elementor-post__text\">\n\t\t\t\t<h3 class=\"elementor-post__title\">\n\t\t\t<a href=\"https:\/\/be-nature.be\/fr\/be-mine-ouvre-un-sentier-dexperience-unique-sous-les-friches-de-charbon-et-entame-la-construction-du-sporenpark\/\" target=&quot;_blank&quot;>\n\t\t\t\tbe-MINE ouvre un sentier d&rsquo;exp\u00e9rience unique sous les friches de charbon et entame la construction du Sporenpark\t\t\t<\/a>\n\t\t<\/h3>\n\t\t\n\t\t<a class=\"elementor-post__read-more\" href=\"https:\/\/be-nature.be\/fr\/be-mine-ouvre-un-sentier-dexperience-unique-sous-les-friches-de-charbon-et-entame-la-construction-du-sporenpark\/\" aria-label=\"En savoir plus sur be-MINE ouvre un sentier d&rsquo;exp\u00e9rience unique sous les friches de charbon et entame la construction du Sporenpark\" tabindex=\"-1\" target=\"_blank\">\n\t\t\tLire la suite\t\t<\/a>\n\n\t\t\t\t<\/div>\n\t\t\t\t\t<\/div>\n\t\t<\/article>\n\t\t\t\t<article class=\"elementor-post elementor-grid-item post-5997 post type-post status-publish format-standard has-post-thumbnail hentry category-non-classifiee\" role=\"listitem\">\n\t\t\t<div class=\"elementor-post__card\">\n\t\t\t\t<a class=\"elementor-post__thumbnail__link\" href=\"https:\/\/be-nature.be\/fr\/be-mine-en-plein-developpement-nouvelles-etapes-sur-le-site-de-la-mine\/\" tabindex=\"-1\" target=\"_blank\"><div class=\"elementor-post__thumbnail\"><img loading=\"lazy\" decoding=\"async\" width=\"605\" height=\"403\" src=\"https:\/\/be-nature.be\/wp-content\/uploads\/2025\/03\/Nieuwsbericht-foto-1.jpg\" class=\"attachment-large size-large wp-image-5761\" alt=\"\" srcset=\"https:\/\/be-nature.be\/wp-content\/uploads\/2025\/03\/Nieuwsbericht-foto-1.jpg 605w, https:\/\/be-nature.be\/wp-content\/uploads\/2025\/03\/Nieuwsbericht-foto-1-300x200.jpg 300w\" sizes=\"(max-width: 605px) 100vw, 605px\" \/><\/div><\/a>\n\t\t\t\t<div class=\"elementor-post__text\">\n\t\t\t\t<h3 class=\"elementor-post__title\">\n\t\t\t<a href=\"https:\/\/be-nature.be\/fr\/be-mine-en-plein-developpement-nouvelles-etapes-sur-le-site-de-la-mine\/\" target=&quot;_blank&quot;>\n\t\t\t\tbe-MINE en plein d\u00e9veloppement : nouvelles \u00e9tapes sur le site de la mine\t\t\t<\/a>\n\t\t<\/h3>\n\t\t\n\t\t<a class=\"elementor-post__read-more\" href=\"https:\/\/be-nature.be\/fr\/be-mine-en-plein-developpement-nouvelles-etapes-sur-le-site-de-la-mine\/\" aria-label=\"En savoir plus sur be-MINE en plein d\u00e9veloppement : nouvelles \u00e9tapes sur le site de la mine\" tabindex=\"-1\" target=\"_blank\">\n\t\t\tLire la suite\t\t<\/a>\n\n\t\t\t\t<\/div>\n\t\t\t\t\t<\/div>\n\t\t<\/article>\n\t\t\t\t<article class=\"elementor-post elementor-grid-item post-5495 post type-post status-publish format-standard has-post-thumbnail hentry category-non-classifiee\" role=\"listitem\">\n\t\t\t<div class=\"elementor-post__card\">\n\t\t\t\t<a class=\"elementor-post__thumbnail__link\" href=\"https:\/\/be-nature.be\/fr\/des-images-impressionnantes-de-la-transformation-des-lavoirs-de-charbon-be-mine-tout-etait-encore-la-tel-quon-lavait-laisse-derriere-soi\/\" tabindex=\"-1\" target=\"_blank\"><div class=\"elementor-post__thumbnail\"><img loading=\"lazy\" decoding=\"async\" width=\"1024\" height=\"768\" src=\"https:\/\/be-nature.be\/wp-content\/uploads\/2025\/01\/IMG-20250110-WA0003-1024x768.jpg\" class=\"attachment-large size-large wp-image-5382\" alt=\"\" srcset=\"https:\/\/be-nature.be\/wp-content\/uploads\/2025\/01\/IMG-20250110-WA0003-1024x768.jpg 1024w, https:\/\/be-nature.be\/wp-content\/uploads\/2025\/01\/IMG-20250110-WA0003-300x225.jpg 300w, https:\/\/be-nature.be\/wp-content\/uploads\/2025\/01\/IMG-20250110-WA0003-768x576.jpg 768w, https:\/\/be-nature.be\/wp-content\/uploads\/2025\/01\/IMG-20250110-WA0003-1536x1152.jpg 1536w, https:\/\/be-nature.be\/wp-content\/uploads\/2025\/01\/IMG-20250110-WA0003.jpg 2048w\" sizes=\"(max-width: 1024px) 100vw, 1024px\" \/><\/div><\/a>\n\t\t\t\t<div class=\"elementor-post__text\">\n\t\t\t\t<h3 class=\"elementor-post__title\">\n\t\t\t<a href=\"https:\/\/be-nature.be\/fr\/des-images-impressionnantes-de-la-transformation-des-lavoirs-de-charbon-be-mine-tout-etait-encore-la-tel-quon-lavait-laisse-derriere-soi\/\" target=&quot;_blank&quot;>\n\t\t\t\tDes images impressionnantes de la transformation des lavoirs de charbon be-MINE: \u201cTout \u00e9tait encore l\u00e0 tel qu&rsquo;on l&rsquo;avait laiss\u00e9 derri\u00e8re soi\u00a0\u00bb\t\t\t<\/a>\n\t\t<\/h3>\n\t\t\n\t\t<a class=\"elementor-post__read-more\" href=\"https:\/\/be-nature.be\/fr\/des-images-impressionnantes-de-la-transformation-des-lavoirs-de-charbon-be-mine-tout-etait-encore-la-tel-quon-lavait-laisse-derriere-soi\/\" aria-label=\"En savoir plus sur Des images impressionnantes de la transformation des lavoirs de charbon be-MINE: \u201cTout \u00e9tait encore l\u00e0 tel qu&rsquo;on l&rsquo;avait laiss\u00e9 derri\u00e8re soi\u00a0\u00bb\" tabindex=\"-1\" target=\"_blank\">\n\t\t\tLire la suite\t\t<\/a>\n\n\t\t\t\t<\/div>\n\t\t\t\t\t<\/div>\n\t\t<\/article>\n\t\t\t\t<article class=\"elementor-post elementor-grid-item post-5493 post type-post status-publish format-standard has-post-thumbnail hentry category-non-classifiee\" role=\"listitem\">\n\t\t\t<div class=\"elementor-post__card\">\n\t\t\t\t<a class=\"elementor-post__thumbnail__link\" href=\"https:\/\/be-nature.be\/fr\/le-treteau-de-puits-emblematique-de-105-ans-de-be-mine-retrouve-toute-sa-splendeur-apres-18-mois-de-restauration\/\" tabindex=\"-1\" target=\"_blank\"><div class=\"elementor-post__thumbnail\"><img loading=\"lazy\" decoding=\"async\" width=\"1024\" height=\"682\" src=\"https:\/\/be-nature.be\/wp-content\/uploads\/2024\/05\/Be-Mine_schachtbokken_medium-res_002_3806-scaled-1-1024x682.jpg\" class=\"attachment-large size-large wp-image-3916\" alt=\"\" srcset=\"https:\/\/be-nature.be\/wp-content\/uploads\/2024\/05\/Be-Mine_schachtbokken_medium-res_002_3806-scaled-1-1024x682.jpg 1024w, https:\/\/be-nature.be\/wp-content\/uploads\/2024\/05\/Be-Mine_schachtbokken_medium-res_002_3806-scaled-1-300x200.jpg 300w, https:\/\/be-nature.be\/wp-content\/uploads\/2024\/05\/Be-Mine_schachtbokken_medium-res_002_3806-scaled-1-768x512.jpg 768w, https:\/\/be-nature.be\/wp-content\/uploads\/2024\/05\/Be-Mine_schachtbokken_medium-res_002_3806-scaled-1-1536x1024.jpg 1536w, https:\/\/be-nature.be\/wp-content\/uploads\/2024\/05\/Be-Mine_schachtbokken_medium-res_002_3806-scaled-1-2048x1365.jpg 2048w\" sizes=\"(max-width: 1024px) 100vw, 1024px\" \/><\/div><\/a>\n\t\t\t\t<div class=\"elementor-post__text\">\n\t\t\t\t<h3 class=\"elementor-post__title\">\n\t\t\t<a href=\"https:\/\/be-nature.be\/fr\/le-treteau-de-puits-emblematique-de-105-ans-de-be-mine-retrouve-toute-sa-splendeur-apres-18-mois-de-restauration\/\" target=&quot;_blank&quot;>\n\t\t\t\tLe tr\u00e9teau de puits embl\u00e9matique de 105 ans de be-MINE retrouve toute sa splendeur apr\u00e8s 18 mois de restauration\t\t\t<\/a>\n\t\t<\/h3>\n\t\t\n\t\t<a class=\"elementor-post__read-more\" href=\"https:\/\/be-nature.be\/fr\/le-treteau-de-puits-emblematique-de-105-ans-de-be-mine-retrouve-toute-sa-splendeur-apres-18-mois-de-restauration\/\" aria-label=\"En savoir plus sur Le tr\u00e9teau de puits embl\u00e9matique de 105 ans de be-MINE retrouve toute sa splendeur apr\u00e8s 18 mois de restauration\" tabindex=\"-1\" target=\"_blank\">\n\t\t\tLire la suite\t\t<\/a>\n\n\t\t\t\t<\/div>\n\t\t\t\t\t<\/div>\n\t\t<\/article>\n\t\t\t\t<article class=\"elementor-post elementor-grid-item post-5508 post type-post status-publish format-standard has-post-thumbnail hentry category-non-classifiee\" role=\"listitem\">\n\t\t\t<div class=\"elementor-post__card\">\n\t\t\t\t<a class=\"elementor-post__thumbnail__link\" href=\"https:\/\/be-nature.be\/fr\/debut-de-la-premiere-phase-de-be-nature-une-experience-cycliste-hors-du-commun-sous-les-lavoirs-de-charbon-de-be-mine\/\" tabindex=\"-1\" target=\"_blank\"><div class=\"elementor-post__thumbnail\"><img loading=\"lazy\" decoding=\"async\" width=\"1024\" height=\"683\" src=\"https:\/\/be-nature.be\/wp-content\/uploads\/2024\/05\/LRM-KOLENWASSERIJ-20240325-HR-1-1024x683.jpg\" class=\"attachment-large size-large wp-image-3904\" alt=\"\" srcset=\"https:\/\/be-nature.be\/wp-content\/uploads\/2024\/05\/LRM-KOLENWASSERIJ-20240325-HR-1-1024x683.jpg 1024w, https:\/\/be-nature.be\/wp-content\/uploads\/2024\/05\/LRM-KOLENWASSERIJ-20240325-HR-1-300x200.jpg 300w, https:\/\/be-nature.be\/wp-content\/uploads\/2024\/05\/LRM-KOLENWASSERIJ-20240325-HR-1-768x512.jpg 768w, https:\/\/be-nature.be\/wp-content\/uploads\/2024\/05\/LRM-KOLENWASSERIJ-20240325-HR-1-1536x1024.jpg 1536w, https:\/\/be-nature.be\/wp-content\/uploads\/2024\/05\/LRM-KOLENWASSERIJ-20240325-HR-1-2048x1365.jpg 2048w\" sizes=\"(max-width: 1024px) 100vw, 1024px\" \/><\/div><\/a>\n\t\t\t\t<div class=\"elementor-post__text\">\n\t\t\t\t<h3 class=\"elementor-post__title\">\n\t\t\t<a href=\"https:\/\/be-nature.be\/fr\/debut-de-la-premiere-phase-de-be-nature-une-experience-cycliste-hors-du-commun-sous-les-lavoirs-de-charbon-de-be-mine\/\" target=&quot;_blank&quot;>\n\t\t\t\tD\u00e9but de la premi\u00e8re phase de be-NATURE: une exp\u00e9rience cycliste hors du commun sous les lavoirs de charbon de be-MINE.\t\t\t<\/a>\n\t\t<\/h3>\n\t\t\n\t\t<a class=\"elementor-post__read-more\" href=\"https:\/\/be-nature.be\/fr\/debut-de-la-premiere-phase-de-be-nature-une-experience-cycliste-hors-du-commun-sous-les-lavoirs-de-charbon-de-be-mine\/\" aria-label=\"En savoir plus sur D\u00e9but de la premi\u00e8re phase de be-NATURE: une exp\u00e9rience cycliste hors du commun sous les lavoirs de charbon de be-MINE.\" tabindex=\"-1\" target=\"_blank\">\n\t\t\tLire la suite\t\t<\/a>\n\n\t\t\t\t<\/div>\n\t\t\t\t\t<\/div>\n\t\t<\/article>\n\t\t\t\t<article class=\"elementor-post elementor-grid-item post-5526 post type-post status-publish format-standard has-post-thumbnail hentry category-non-classifiee\" role=\"listitem\">\n\t\t\t<div class=\"elementor-post__card\">\n\t\t\t\t<a class=\"elementor-post__thumbnail__link\" href=\"https:\/\/be-nature.be\/fr\/octroi-dun-permis-environnemental-pour-les-lavoirs-de-charbon-1-et-3-a-be-mine\/\" tabindex=\"-1\" target=\"_blank\"><div class=\"elementor-post__thumbnail\"><img loading=\"lazy\" decoding=\"async\" width=\"922\" height=\"1024\" src=\"https:\/\/be-nature.be\/wp-content\/uploads\/2023\/07\/be-NATURE-1-1-922x1024.jpg\" class=\"attachment-large size-large wp-image-3743\" alt=\"\" srcset=\"https:\/\/be-nature.be\/wp-content\/uploads\/2023\/07\/be-NATURE-1-1-922x1024.jpg 922w, https:\/\/be-nature.be\/wp-content\/uploads\/2023\/07\/be-NATURE-1-1-270x300.jpg 270w, https:\/\/be-nature.be\/wp-content\/uploads\/2023\/07\/be-NATURE-1-1-768x853.jpg 768w, https:\/\/be-nature.be\/wp-content\/uploads\/2023\/07\/be-NATURE-1-1-1382x1536.jpg 1382w, https:\/\/be-nature.be\/wp-content\/uploads\/2023\/07\/be-NATURE-1-1-1843x2048.jpg 1843w\" sizes=\"(max-width: 922px) 100vw, 922px\" \/><\/div><\/a>\n\t\t\t\t<div class=\"elementor-post__text\">\n\t\t\t\t<h3 class=\"elementor-post__title\">\n\t\t\t<a href=\"https:\/\/be-nature.be\/fr\/octroi-dun-permis-environnemental-pour-les-lavoirs-de-charbon-1-et-3-a-be-mine\/\" target=&quot;_blank&quot;>\n\t\t\t\tOctroi d&rsquo;un permis environnemental pour les lavoirs de charbon 1 et 3 \u00e0 be-Mine\t\t\t<\/a>\n\t\t<\/h3>\n\t\t\n\t\t<a class=\"elementor-post__read-more\" href=\"https:\/\/be-nature.be\/fr\/octroi-dun-permis-environnemental-pour-les-lavoirs-de-charbon-1-et-3-a-be-mine\/\" aria-label=\"En savoir plus sur Octroi d&rsquo;un permis environnemental pour les lavoirs de charbon 1 et 3 \u00e0 be-Mine\" tabindex=\"-1\" target=\"_blank\">\n\t\t\tLire la suite\t\t<\/a>\n\n\t\t\t\t<\/div>\n\t\t\t\t\t<\/div>\n\t\t<\/article>\n\t\t\t\t<article class=\"elementor-post elementor-grid-item post-3465 post type-post status-publish format-standard has-post-thumbnail hentry category-non-classifiee\" role=\"listitem\">\n\t\t\t<div class=\"elementor-post__card\">\n\t\t\t\t<a class=\"elementor-post__thumbnail__link\" href=\"https:\/\/be-nature.be\/fr\/la-flandre-investit-5-millions-deuros-dans-un-projet-autour-des-decharges-de-charbon-beringen\/\" tabindex=\"-1\" target=\"_blank\"><div class=\"elementor-post__thumbnail\"><img loading=\"lazy\" decoding=\"async\" width=\"1024\" height=\"768\" src=\"https:\/\/be-nature.be\/wp-content\/uploads\/2022\/12\/Render-1-1024x768.jpg\" class=\"attachment-large size-large wp-image-3252\" alt=\"\" srcset=\"https:\/\/be-nature.be\/wp-content\/uploads\/2022\/12\/Render-1-1024x768.jpg 1024w, https:\/\/be-nature.be\/wp-content\/uploads\/2022\/12\/Render-1-300x225.jpg 300w, https:\/\/be-nature.be\/wp-content\/uploads\/2022\/12\/Render-1-768x576.jpg 768w, https:\/\/be-nature.be\/wp-content\/uploads\/2022\/12\/Render-1-1536x1152.jpg 1536w, https:\/\/be-nature.be\/wp-content\/uploads\/2022\/12\/Render-1-2048x1536.jpg 2048w\" sizes=\"(max-width: 1024px) 100vw, 1024px\" \/><\/div><\/a>\n\t\t\t\t<div class=\"elementor-post__text\">\n\t\t\t\t<h3 class=\"elementor-post__title\">\n\t\t\t<a href=\"https:\/\/be-nature.be\/fr\/la-flandre-investit-5-millions-deuros-dans-un-projet-autour-des-decharges-de-charbon-beringen\/\" target=&quot;_blank&quot;>\n\t\t\t\tLa Flandre investit 5 millions d&rsquo;euros dans un projet autour des d\u00e9charges de charbon Beringen\t\t\t<\/a>\n\t\t<\/h3>\n\t\t\n\t\t<a class=\"elementor-post__read-more\" href=\"https:\/\/be-nature.be\/fr\/la-flandre-investit-5-millions-deuros-dans-un-projet-autour-des-decharges-de-charbon-beringen\/\" aria-label=\"En savoir plus sur La Flandre investit 5 millions d&rsquo;euros dans un projet autour des d\u00e9charges de charbon Beringen\" tabindex=\"-1\" target=\"_blank\">\n\t\t\tLire la suite\t\t<\/a>\n\n\t\t\t\t<\/div>\n\t\t\t\t\t<\/div>\n\t\t<\/article>\n\t\t\t\t<\/div>\n\t\t\n\t\t\t\t<div class=\"e-load-more-anchor\" data-page=\"1\" data-max-page=\"2\" data-next-page=\"https:\/\/be-nature.be\/fr\/wp-json\/wp\/v2\/pages\/3317\/page\/2\/\"><\/div>\n\t\t\t\t<nav class=\"elementor-pagination\" aria-label=\"Pagination\">\n\t\t\t<span aria-current=\"page\" class=\"page-numbers current\"><span class=\"elementor-screen-only\">Page<\/span>1<\/span>\n<a class=\"page-numbers\" href=\"https:\/\/be-nature.be\/fr\/wp-json\/wp\/v2\/pages\/3317\/page\/2\/\"><span class=\"elementor-screen-only\">Page<\/span>2<\/a>\t\t<\/nav>\n\t\t\t\t\t\t<\/div>\n\t\t\t\t<\/div>\n\t\t\t\t\t<\/div>\n\t\t<\/div>\n\t\t\t\t\t<\/div>\n\t\t<\/section>\n\t\t\t\t<\/div>\n\t\t","protected":false},"excerpt":{"rendered":"<p>Nouvelles et \u00e9v\u00e9nements<\/p>\n","protected":false},"author":9,"featured_media":0,"parent":0,"menu_order":0,"comment_status":"closed","ping_status":"closed","template":"","meta":{"site-sidebar-layout":"no-sidebar","site-content-layout":"page-builder","ast-site-content-layout":"full-width-container","site-content-style":"unboxed","site-sidebar-style":"unboxed","ast-global-header-display":"","ast-banner-title-visibility":"","ast-main-header-display":"","ast-hfb-above-header-display":"","ast-hfb-below-header-display":"","ast-hfb-mobile-header-display":"","site-post-title":"disabled","ast-breadcrumbs-content":"disabled","ast-featured-img":"disabled","footer-sml-layout":"disabled","ast-disable-related-posts":"","theme-transparent-header-meta":"default","adv-header-id-meta":"","stick-header-meta":"","header-above-stick-meta":"","header-main-stick-meta":"","header-below-stick-meta":"","astra-migrate-meta-layouts":"set","ast-page-background-enabled":"default","ast-page-background-meta":{"desktop":{"background-color":"var(--ast-global-color-4)","background-image":"","background-repeat":"repeat","background-position":"center center","background-size":"auto","background-attachment":"scroll","background-type":"","background-media":"","overlay-type":"","overlay-color":"","overlay-opacity":"","overlay-gradient":""},"tablet":{"background-color":"","background-image":"","background-repeat":"repeat","background-position":"center center","background-size":"auto","background-attachment":"scroll","background-type":"","background-media":"","overlay-type":"","overlay-color":"","overlay-opacity":"","overlay-gradient":""},"mobile":{"background-color":"","background-image":"","background-repeat":"repeat","background-position":"center center","background-size":"auto","background-attachment":"scroll","background-type":"","background-media":"","overlay-type":"","overlay-color":"","overlay-opacity":"","overlay-gradient":""}},"ast-content-background-meta":{"desktop":{"background-color":"var(--ast-global-color-5)","background-image":"","background-repeat":"repeat","background-position":"center center","background-size":"auto","background-attachment":"scroll","background-type":"","background-media":"","overlay-type":"","overlay-color":"","overlay-opacity":"","overlay-gradient":""},"tablet":{"background-color":"var(--ast-global-color-5)","background-image":"","background-repeat":"repeat","background-position":"center center","background-size":"auto","background-attachment":"scroll","background-type":"","background-media":"","overlay-type":"","overlay-color":"","overlay-opacity":"","overlay-gradient":""},"mobile":{"background-color":"var(--ast-global-color-5)","background-image":"","background-repeat":"repeat","background-position":"center center","background-size":"auto","background-attachment":"scroll","background-type":"","background-media":"","overlay-type":"","overlay-color":"","overlay-opacity":"","overlay-gradient":""}},"footnotes":""},"class_list":["post-3317","page","type-page","status-publish","hentry"],"_links":{"self":[{"href":"https:\/\/be-nature.be\/fr\/wp-json\/wp\/v2\/pages\/3317","targetHints":{"allow":["GET"]}}],"collection":[{"href":"https:\/\/be-nature.be\/fr\/wp-json\/wp\/v2\/pages"}],"about":[{"href":"https:\/\/be-nature.be\/fr\/wp-json\/wp\/v2\/types\/page"}],"author":[{"embeddable":true,"href":"https:\/\/be-nature.be\/fr\/wp-json\/wp\/v2\/users\/9"}],"replies":[{"embeddable":true,"href":"https:\/\/be-nature.be\/fr\/wp-json\/wp\/v2\/comments?post=3317"}],"version-history":[{"count":0,"href":"https:\/\/be-nature.be\/fr\/wp-json\/wp\/v2\/pages\/3317\/revisions"}],"wp:attachment":[{"href":"https:\/\/be-nature.be\/fr\/wp-json\/wp\/v2\/media?parent=3317"}],"curies":[{"name":"wp","href":"https:\/\/api.w.org\/{rel}","templated":true}]}}